{"id":3,"date":"2024-10-08T18:50:32","date_gmt":"2024-10-08T16:50:32","guid":{"rendered":"http:\/\/www.casalcala-holidays.com\/?page_id=3"},"modified":"2024-10-08T20:24:07","modified_gmt":"2024-10-08T18:24:07","slug":"politica-privacidad","status":"publish","type":"page","link":"http:\/\/www.casalcala-holidays.com\/es\/politica-privacidad\/","title":{"rendered":"Pol\u00edtica de privacidad"},"content":{"rendered":"<div data-elementor-type=\"wp-page\" data-elementor-id=\"3\" class=\"elementor elementor-3\">\n\t\t\t\t<div class=\"elementor-element elementor-element-76217b78 e-flex e-con-boxed e-con e-parent\" data-id=\"76217b78\" data-element_type=\"container\" data-e-type=\"container\">\n\t\t\t\t\t<div class=\"e-con-inner\">\n\t\t\t\t<div class=\"elementor-element elementor-element-fe43e55 elementor-widget elementor-widget-text-editor\" data-id=\"fe43e55\" data-element_type=\"widget\" data-e-type=\"widget\" data-widget_type=\"text-editor.default\">\n\t\t\t\t<div class=\"elementor-widget-container\">\n\t\t\t\t\t\t\t\t\t<p>INFORMACI\u00d3N B\u00c1SICA DE PROTECCI\u00d3N DE DATOS<\/p>\n<p>\u00a0<\/p>\n<table>\n<tbody>\n<tr>\n<td width=\"142\">\n<p>Responsable<\/p>\n<\/td>\n<td width=\"387\">\n<p>CASA ALCALA<\/p>\n<\/td>\n<\/tr>\n<tr>\n<td width=\"142\">\n<p>Finalidad<\/p>\n<\/td>\n<td width=\"387\">\n<p>Atender las solicitudes realizadas a trav\u00e9s de la web, gestionar el env\u00edo de informaci\u00f3n, publicar y controlar los comentarios en nuestro blog.<\/p>\n<\/td>\n<\/tr>\n<tr>\n<td width=\"142\">\n<p>Legitimaci\u00f3n<\/p>\n<\/td>\n<td width=\"387\">\n<p>Consentimiento del interesado y ejecuci\u00f3n de un precontrato\/ contrato<\/p>\n<\/td>\n<\/tr>\n<tr>\n<td width=\"142\">\n<p>Destinatarios<\/p>\n<\/td>\n<td width=\"387\">\n<p>No se ceder\u00e1n datos a terceros salvo obligaci\u00f3n legal o en el supuesto que sea necesario para atender su solicitud<\/p>\n<\/td>\n<\/tr>\n<tr>\n<td width=\"142\">\n<p>Derechos<\/p>\n<\/td>\n<td width=\"387\">\n<p>Podr\u00e1 ejercer los derechos de acceso, rectificaci\u00f3n, supresi\u00f3n y oposici\u00f3n, limitaci\u00f3n del tratamiento, portabilidad de datos y a no ser objeto de decisiones individualizadas automatizadas.<\/p>\n<\/td>\n<\/tr>\n<tr>\n<td width=\"142\">\n<p>Informaci\u00f3n adicional<\/p>\n<\/td>\n<td width=\"387\">\n<p>Puede consultar la informaci\u00f3n adicional sobre protecci\u00f3n de Datos en nuestra web.<\/p>\n<\/td>\n<\/tr>\n<\/tbody>\n<\/table>\n<p>\u00a0<\/p>\n<p>CASA ALCALA, en adelante, se compromete a cumplir la legislaci\u00f3n vigente en cada momento en materia de tratamiento de datos de car\u00e1cter personal. Mediante la siguiente pol\u00edtica de privacidad CASA ALCALA, de conformidad con los requisitos previstos en el RGPD informa a los usuarios de:<\/p>\n<ol>\n<li>\u00bfQUI\u00c9N ES EL RESPONSABLE DEL TRATAMIENTO DE SUS DATOS?<\/li>\n<\/ol>\n<p>El responsable del tratamiento de sus datos es CASA ALCALA:<\/p>\n<table>\n<tbody>\n<tr>\n<td width=\"198\">\n<p>Identidad<\/p>\n<\/td>\n<td width=\"331\">\n<p>CASA ALCALA \u2013<\/p>\n<\/td>\n<\/tr>\n<tr>\n<td width=\"198\">\n<p>Direcci\u00f3n<\/p>\n<\/td>\n<td width=\"331\">\n<p>ALCAL\u00c1 &#8211; TENERIFE<\/p>\n<\/td>\n<\/tr>\n<tr>\n<td width=\"198\">\n<p>Tel\u00e9fono<\/p>\n<\/td>\n<td width=\"331\">\u00a0<\/td>\n<\/tr>\n<tr>\n<td width=\"198\">\n<p>\u00a0<\/p>\n<\/td>\n<td width=\"331\">\n<p>\u00a0<\/p>\n<\/td>\n<\/tr>\n<tr>\n<td width=\"198\">\n<p>Web<\/p>\n<\/td>\n<td width=\"331\">\n<p><blockquote class=\"wp-embedded-content\" data-secret=\"zTgB3EFxOP\"><a href=\"http:\/\/www.casalcala-holidays.com\/es\/\">Inicio<\/a><\/blockquote><iframe class=\"wp-embedded-content\" sandbox=\"allow-scripts\" security=\"restricted\" style=\"position: absolute; visibility: hidden;\" title=\"&#8220;Home&#8221; &#8212; CASA ALCALA\" src=\"http:\/\/www.casalcala-holidays.com\/embed\/#?secret=aqdfmaA5oO#?secret=zTgB3EFxOP\" data-secret=\"zTgB3EFxOP\" width=\"500\" height=\"282\" frameborder=\"0\" marginwidth=\"0\" marginheight=\"0\" scrolling=\"no\"><\/iframe><\/p>\n<\/td>\n<\/tr>\n<tr>\n<td width=\"198\">\n<p>Correo-e<\/p>\n<\/td>\n<td width=\"331\">\n<p><a href=\"mailto:icod@nuevostylotenerife.com\">info@casalcala-holidays.com<\/a><\/p>\n<\/td>\n<\/tr>\n<\/tbody>\n<\/table>\n<p>\u00a0<\/p>\n<p>CASA ALCALA informa al usuario que los datos que nos facilite a trav\u00e9s de la navegaci\u00f3n por nuestra web, el formulario de contacto o en el env\u00edo de correos electr\u00f3nicos, van a ser tratados por CASA ALCALA y que dicho tratamiento se encuentra recogido en el Registro de Actividades de tratamiento gestionado por CASA ALCALA conforme a lo establecido en el RGPD.<\/p>\n<ol start=\"2\">\n<li>\u00bfPARA QU\u00c9 SE UTILIZAN SUS DATOS PERSONALES?<\/li>\n<\/ol>\n<p>En Http:\/\/www.casalcala-holidays.com cuando el usuario acepta nuestra pol\u00edtica de privacidad nos autoriza a utilizar y tratar los datos personales suministrados para:<\/p>\n<ul>\n<li>Remitirle la informaci\u00f3n y prestarle el servicio que soliciten mediante los diversos formularios disponibles en nuestra web.<\/li>\n<li>Facilitarle informaci\u00f3n sobre las ofertas, productos y servicios solicitados.<\/li>\n<li>Ocasionalmente, CASA ALCALA podr\u00e1 utilizar sus datos de car\u00e1cter personal para enviarle notificaciones por medio de correo electr\u00f3nico. Dichas notificaciones se har\u00e1n para informar sobre las modificaciones en nuestros servicios o productos o en nuestras pol\u00edticas condiciones legales.<\/li>\n<li>Gestionar sus comentarios en nuestro blog<\/li>\n<\/ul>\n<p>Http:\/\/www.casalcala-holidays.com procurar\u00e1 en todo momento establecer mecanismos adecuados para obtener el consentimiento del Usuario para la instalaci\u00f3n de cookies que lo requieran. Cuando un usuario accede a nuestra web aparece un pop-up en el que se informa de la existencia de cookies y de que si contin\u00faa navegando por nuestra p\u00e1gina presta su consentimiento para la instalaci\u00f3n de cookies. La aceptaci\u00f3n de la instalaci\u00f3n de las cookies conlleva la aceptaci\u00f3n de la conservaci\u00f3n de la direcci\u00f3n IP en los registros de Http:\/\/www.casalcala-holidays.com, junto con la fecha de aceptaci\u00f3n, por el plazo de un a\u00f1o, con la finalidad de demostrar el consentimiento prestado.\u00a0 Puede obtener m\u00e1s informaci\u00f3n en nuestra \u201cPol\u00edtica de Cookies\u201d.<\/p>\n<ol start=\"3\">\n<li>\u00bfCUAL ES LA LEGITIMACI\u00d3N PARA EL TRATAMIENTO DE SUS DATOS?<\/li>\n<\/ol>\n<p>La legitimaci\u00f3n para el tratamiento de sus datos por parte de CASA ALCALA se basa en:<\/p>\n<ul>\n<li>En la ejecuci\u00f3n de un precontrato\/contrato para remitirle la informaci\u00f3n y prestarle el servicio solicitado no siendo posible su realizaci\u00f3n en caso contrario.<\/li>\n<\/ul>\n<ol start=\"4\">\n<li>\u00bfPOR CU\u00c1NTO TIEMPO CONSERVAMOS SUS DATOS?<\/li>\n<\/ol>\n<p>Los datos para remitirle la informaci\u00f3n o prestarle el servicio que soliciten mediante los diversos formularios disponibles en nuestra web ser\u00e1n conservados durante el tiempo que la relaci\u00f3n contractual se encuentre vigente, y una vez finalizada durante el plazo de prescripci\u00f3n legales.<\/p>\n<ol start=\"5\">\n<li>\u00bfQU\u00c9 TIPO DE DATOS TRATAMOS DE NUESTROS USUARIOS?<\/li>\n<\/ol>\n<p>CASA ALCALA trata las siguientes categor\u00edas de datos:<\/p>\n<ol>\n<li>Datos de los usuarios que rellenan cualquiera de los formularios disponibles: Los datos personales que CASA ALCALA solicita incluyen:<\/li>\n<\/ol>\n<ul>\n<li>Datos identificativos: nombre y apellidos, tel\u00e9fono, direcci\u00f3n postal y electr\u00f3nica<\/li>\n<li>Datos relativos a la solicitud<\/li>\n<\/ul>\n<ol>\n<li>Datos de los usuarios que realizan comentarios en nuestro blog<\/li>\n<\/ol>\n<p>S\u00f3lo los mayores de 16 a\u00f1os pueden facilitar datos a trav\u00e9s de nuestra web. Si eres menor de esta edad deber\u00e1s contar con el consentimiento de tus padres o tutores legales.<\/p>\n<p>El Usuario garantiza la autenticidad y actualidad de todos aquellos datos que comunique a CASA ALCALA y declara que es mayor de 16 a\u00f1os, y ser\u00e1 el \u00fanico responsable de las manifestaciones falsas o inexactas que realice.<\/p>\n<p>En el caso que nos facilites datos de terceros, manifiestas contar con el consentimiento de los mismos y te comprometes a trasladarle la informaci\u00f3n que te facilitamos en esta cl\u00e1usula, eximiendo a CASA ALCALA de cualquier tipo de obligaci\u00f3n. No obstante, CASA ALCALA podr\u00e1 llevar a cabo verificaciones para constatar que el tercero ha sido informado adoptando las medidas de diligencia establecidas en la normativa de protecci\u00f3n de datos.<\/p>\n<ol start=\"6\">\n<li>\u00bfA QU\u00c9 DESTINATARIOS SE COMUNICAR\u00c1N SUS DATOS?<\/li>\n<\/ol>\n<p>No se ceder\u00e1n datos a terceros salvo obligaci\u00f3n legal o en el supuesto que sea necesario para atender su solicitud.<\/p>\n<ol start=\"7\">\n<li>\u00bfQU\u00c9 DERECHOS LE ASISTEN Y C\u00d3MO PUEDE EJERCITARLOS?<\/li>\n<\/ol>\n<p>El usuario puede ejercer los siguientes derechos ante CASA ALCALA:<\/p>\n<ol>\n<li>Acceder a sus datos personales<\/li>\n<li>Rectificarlos cuando son inexactos o incompletos<\/li>\n<li>Solicitar la supresi\u00f3n o cancelaci\u00f3n de los datos cuando, entre otros motivos hayan dejado de ser necesarios para los fines para los que fueron recogidos<\/li>\n<li>Oponerse a su tratamiento<\/li>\n<li>Pedir la limitaci\u00f3n del tratamiento de sus datos cuando se den alguna de las condiciones previstas en la normativa<\/li>\n<li>Solicitar la portabilidad de sus datos en los casos previstos en la normativa<\/li>\n<li>Impedir ser objeto de decisiones automatizadas<\/li>\n<li>Revocar los consentimientos otorgados<\/li>\n<\/ol>\n<p>El usuario para ejercer sus derechos, deber\u00e1 enviar un escrito en el que indique el derecho que desea ejercitar y acompa\u00f1ar documento acreditativo de su identidad y direcci\u00f3n postal o electr\u00f3nica a efectos de notificaci\u00f3n. Esta solicitud puede realizarla, bien mediante correo postal a: CASA ALCALA ALCAL\u00c1 &#8211; TENERIFE, o bien en la siguiente direcci\u00f3n de correo-e: <a href=\"mailto:icod@nuevostylotenerife.com\">info@casalcala-holidays.com<\/a><\/p>\n<p>CASA ALCALA deber\u00e1 contestar la solicitud del ejercicio de derechos en el plazo de un mes a partir de la recepci\u00f3n de la solicitud. Dicho plazo podr\u00e1 prorrogarse otros dos meses en caso necesario, teniendo en cuenta la complejidad y el n\u00famero de solicitudes.\u00a0 Le informaremos de cualquier pr\u00f3rroga en el plazo de un mes a partir de la recepci\u00f3n de la solicitud indicando los motivos de la dilaci\u00f3n.<\/p>\n<p>Asimismo, los interesados tienen derecho a reclamar ante la Autoridad de Control competente (Agencia Espa\u00f1ola de Protecci\u00f3n de Datos) cuando consideren que CASA ALCALA ha vulnerado los derechos que la normativa de protecci\u00f3n de datos les reconoce en <a href=\"http:\/\/www.aepd.es\">www.aepd.es<\/a><\/p>\n<p>\u00a0<\/p>\n<ol start=\"8\">\n<li>\u00bfEST\u00c1N SEGUROS MIS DATOS?<\/li>\n<\/ol>\n<p>CASA ALCALA tiene vigente un contrato con la empresa de Hosting IONOS SE para el alojamiento de su p\u00e1gina web. Es una empresa europea y dispone de los \u00faltimos sistemas en medidas de seguridad.<\/p>\n<p>CASA ALCALA garantiza la adopci\u00f3n de las medidas oportunas para asegurar el tratamiento confidencial de sus datos habida cuenta del car\u00e1cter reservado de los mismos.<\/p>\n<p>CASA ALCALA se compromete a que dichos datos permanezcan secretos, trat\u00e1ndolos con la m\u00e1xima reserva, y declara tener implantadas en su sistema de informaci\u00f3n, las pol\u00edticas de seguridad correspondientes al tipo de datos manejados conforme a lo dispuesto en el\u00a0 REGLAMENTO (UE) 2016\/679 DEL PARLAMENTO EUROPEO Y DEL CONSEJO de 27 de abril de 2016 relativo a la protecci\u00f3n de las personas f\u00edsicas en lo que respecta al tratamiento de datos personales y a la libre circulaci\u00f3n de estos datos (RGPD).<\/p>\n<ol start=\"9\">\n<li>ENLACES A OTROS SITIOS WEB<\/li>\n<\/ol>\n<p>Si opta por abandonar nuestro sitio Web a trav\u00e9s de enlaces a otros sitios Web no pertenecientes a nuestra entidad, CASA ALCALA no se har\u00e1 responsable de las pol\u00edticas de privacidad de dichos sitios Web ni de las cookies que estos puedan almacenar en el ordenador del usuario.<\/p>\n<p>\u00a0<\/p>\t\t\t\t\t\t\t\t<\/div>\n\t\t\t\t<\/div>\n\t\t\t\t\t<\/div>\n\t\t\t\t<\/div>\n\t\t\t\t<\/div>","protected":false},"excerpt":{"rendered":"<p>INFORMACI\u00d3N B\u00c1SICA DE PROTECCI\u00d3N DE DATOS \u00a0 Responsable CASA ALCALA Finalidad Atender las solicitudes realizadas a trav\u00e9s de la web, [&hellip;]<\/p>","protected":false},"author":1,"featured_media":0,"parent":0,"menu_order":0,"comment_status":"closed","ping_status":"closed","template":"","meta":{"_uag_custom_page_level_css":"","site-sidebar-layout":"default","site-content-layout":"","ast-site-content-layout":"default","site-content-style":"default","site-sidebar-style":"default","ast-global-header-display":"","ast-banner-title-visibility":"","ast-main-header-display":"","ast-hfb-above-header-display":"","ast-hfb-below-header-display":"","ast-hfb-mobile-header-display":"","site-post-title":"","ast-breadcrumbs-content":"","ast-featured-img":"","footer-sml-layout":"","theme-transparent-header-meta":"","adv-header-id-meta":"","stick-header-meta":"","header-above-stick-meta":"","header-main-stick-meta":"","header-below-stick-meta":"","astra-migrate-meta-layouts":"default","ast-page-background-enabled":"default","ast-page-background-meta":{"desktop":{"background-color":"var(--ast-global-color-4)","background-image":"","background-repeat":"repeat","background-position":"center center","background-size":"auto","background-attachment":"scroll","background-type":"","background-media":"","overlay-type":"","overlay-color":"","overlay-opacity":"","overlay-gradient":""},"tablet":{"background-color":"","background-image":"","background-repeat":"repeat","background-position":"center center","background-size":"auto","background-attachment":"scroll","background-type":"","background-media":"","overlay-type":"","overlay-color":"","overlay-opacity":"","overlay-gradient":""},"mobile":{"background-color":"","background-image":"","background-repeat":"repeat","background-position":"center center","background-size":"auto","background-attachment":"scroll","background-type":"","background-media":"","overlay-type":"","overlay-color":"","overlay-opacity":"","overlay-gradient":""}},"ast-content-background-meta":{"desktop":{"background-color":"var(--ast-global-color-5)","background-image":"","background-repeat":"repeat","background-position":"center center","background-size":"auto","background-attachment":"scroll","background-type":"","background-media":"","overlay-type":"","overlay-color":"","overlay-opacity":"","overlay-gradient":""},"tablet":{"background-color":"var(--ast-global-color-5)","background-image":"","background-repeat":"repeat","background-position":"center center","background-size":"auto","background-attachment":"scroll","background-type":"","background-media":"","overlay-type":"","overlay-color":"","overlay-opacity":"","overlay-gradient":""},"mobile":{"background-color":"var(--ast-global-color-5)","background-image":"","background-repeat":"repeat","background-position":"center center","background-size":"auto","background-attachment":"scroll","background-type":"","background-media":"","overlay-type":"","overlay-color":"","overlay-opacity":"","overlay-gradient":""}},"footnotes":""},"class_list":["post-3","page","type-page","status-publish","hentry"],"yoast_head":"<!-- This site is optimized with the Yoast SEO plugin v26.5 - https:\/\/yoast.com\/wordpress\/plugins\/seo\/ -->\n<title>Pol\u00edtica de privacidad - CASA ALCALA<\/title>\n<meta name=\"robots\" content=\"index, follow, max-snippet:-1, max-image-preview:large, max-video-preview:-1\" \/>\n<link rel=\"canonical\" href=\"https:\/\/www.casalcala-holidays.com\/es\/politica-privacidad\/\" \/>\n<meta property=\"og:locale\" content=\"es_ES\" \/>\n<meta property=\"og:type\" content=\"article\" \/>\n<meta property=\"og:title\" content=\"Pol\u00edtica de privacidad - CASA ALCALA\" \/>\n<meta property=\"og:description\" content=\"INFORMACI\u00d3N B\u00c1SICA DE PROTECCI\u00d3N DE DATOS \u00a0 Responsable CASA ALCALA Finalidad Atender las solicitudes realizadas a trav\u00e9s de la web, [&hellip;]\" \/>\n<meta property=\"og:url\" content=\"https:\/\/www.casalcala-holidays.com\/es\/politica-privacidad\/\" \/>\n<meta property=\"og:site_name\" content=\"CASA ALCALA\" \/>\n<meta property=\"article:modified_time\" content=\"2024-10-08T18:24:07+00:00\" \/>\n<meta name=\"twitter:card\" content=\"summary_large_image\" \/>\n<meta name=\"twitter:label1\" content=\"Tiempo de lectura\" \/>\n\t<meta name=\"twitter:data1\" content=\"7 minutos\" \/>\n<script type=\"application\/ld+json\" class=\"yoast-schema-graph\">{\"@context\":\"https:\/\/schema.org\",\"@graph\":[{\"@type\":\"WebPage\",\"@id\":\"https:\/\/www.casalcala-holidays.com\/politica-privacidad\/\",\"url\":\"https:\/\/www.casalcala-holidays.com\/politica-privacidad\/\",\"name\":\"Pol\u00edtica de privacidad - CASA ALCALA\",\"isPartOf\":{\"@id\":\"http:\/\/www.casalcala-holidays.com\/es\/#website\"},\"datePublished\":\"2024-10-08T16:50:32+00:00\",\"dateModified\":\"2024-10-08T18:24:07+00:00\",\"breadcrumb\":{\"@id\":\"https:\/\/www.casalcala-holidays.com\/politica-privacidad\/#breadcrumb\"},\"inLanguage\":\"es\",\"potentialAction\":[{\"@type\":\"ReadAction\",\"target\":[\"https:\/\/www.casalcala-holidays.com\/politica-privacidad\/\"]}]},{\"@type\":\"BreadcrumbList\",\"@id\":\"https:\/\/www.casalcala-holidays.com\/politica-privacidad\/#breadcrumb\",\"itemListElement\":[{\"@type\":\"ListItem\",\"position\":1,\"name\":\"Home\",\"item\":\"http:\/\/www.casalcala-holidays.com\/es\/\"},{\"@type\":\"ListItem\",\"position\":2,\"name\":\"Pol\u00edtica de privacidad\"}]},{\"@type\":\"WebSite\",\"@id\":\"http:\/\/www.casalcala-holidays.com\/es\/#website\",\"url\":\"http:\/\/www.casalcala-holidays.com\/es\/\",\"name\":\"CASA ALCALA\",\"description\":\"\",\"potentialAction\":[{\"@type\":\"SearchAction\",\"target\":{\"@type\":\"EntryPoint\",\"urlTemplate\":\"http:\/\/www.casalcala-holidays.com\/es\/?s={search_term_string}\"},\"query-input\":{\"@type\":\"PropertyValueSpecification\",\"valueRequired\":true,\"valueName\":\"search_term_string\"}}],\"inLanguage\":\"es\"}]}<\/script>\n<!-- \/ Yoast SEO plugin. -->","yoast_head_json":{"title":"Pol\u00edtica de privacidad - CASA ALCALA","robots":{"index":"index","follow":"follow","max-snippet":"max-snippet:-1","max-image-preview":"max-image-preview:large","max-video-preview":"max-video-preview:-1"},"canonical":"https:\/\/www.casalcala-holidays.com\/es\/politica-privacidad\/","og_locale":"es_ES","og_type":"article","og_title":"Pol\u00edtica de privacidad - CASA ALCALA","og_description":"INFORMACI\u00d3N B\u00c1SICA DE PROTECCI\u00d3N DE DATOS \u00a0 Responsable CASA ALCALA Finalidad Atender las solicitudes realizadas a trav\u00e9s de la web, [&hellip;]","og_url":"https:\/\/www.casalcala-holidays.com\/es\/politica-privacidad\/","og_site_name":"CASA ALCALA","article_modified_time":"2024-10-08T18:24:07+00:00","twitter_card":"summary_large_image","twitter_misc":{"Tiempo de lectura":"7 minutos"},"schema":{"@context":"https:\/\/schema.org","@graph":[{"@type":"WebPage","@id":"https:\/\/www.casalcala-holidays.com\/politica-privacidad\/","url":"https:\/\/www.casalcala-holidays.com\/politica-privacidad\/","name":"Pol\u00edtica de privacidad - CASA ALCALA","isPartOf":{"@id":"http:\/\/www.casalcala-holidays.com\/es\/#website"},"datePublished":"2024-10-08T16:50:32+00:00","dateModified":"2024-10-08T18:24:07+00:00","breadcrumb":{"@id":"https:\/\/www.casalcala-holidays.com\/politica-privacidad\/#breadcrumb"},"inLanguage":"es","potentialAction":[{"@type":"ReadAction","target":["https:\/\/www.casalcala-holidays.com\/politica-privacidad\/"]}]},{"@type":"BreadcrumbList","@id":"https:\/\/www.casalcala-holidays.com\/politica-privacidad\/#breadcrumb","itemListElement":[{"@type":"ListItem","position":1,"name":"Home","item":"http:\/\/www.casalcala-holidays.com\/es\/"},{"@type":"ListItem","position":2,"name":"Pol\u00edtica de privacidad"}]},{"@type":"WebSite","@id":"http:\/\/www.casalcala-holidays.com\/es\/#website","url":"http:\/\/www.casalcala-holidays.com\/es\/","name":"CASA ALCALA","description":"","potentialAction":[{"@type":"SearchAction","target":{"@type":"EntryPoint","urlTemplate":"http:\/\/www.casalcala-holidays.com\/es\/?s={search_term_string}"},"query-input":{"@type":"PropertyValueSpecification","valueRequired":true,"valueName":"search_term_string"}}],"inLanguage":"es"}]}},"uagb_featured_image_src":{"full":false,"thumbnail":false,"medium":false,"medium_large":false,"large":false,"1536x1536":false,"2048x2048":false,"trp-custom-language-flag":false},"uagb_author_info":{"display_name":"JESUS","author_link":"http:\/\/www.casalcala-holidays.com\/es\/author\/jesus\/"},"uagb_comment_info":0,"uagb_excerpt":"INFORMACI\u00d3N B\u00c1SICA DE PROTECCI\u00d3N DE DATOS \u00a0 Responsable CASA ALCALA Finalidad Atender las solicitudes realizadas a trav\u00e9s de la web, [&hellip;]","_links":{"self":[{"href":"http:\/\/www.casalcala-holidays.com\/es\/wp-json\/wp\/v2\/pages\/3","targetHints":{"allow":["GET"]}}],"collection":[{"href":"http:\/\/www.casalcala-holidays.com\/es\/wp-json\/wp\/v2\/pages"}],"about":[{"href":"http:\/\/www.casalcala-holidays.com\/es\/wp-json\/wp\/v2\/types\/page"}],"author":[{"embeddable":true,"href":"http:\/\/www.casalcala-holidays.com\/es\/wp-json\/wp\/v2\/users\/1"}],"replies":[{"embeddable":true,"href":"http:\/\/www.casalcala-holidays.com\/es\/wp-json\/wp\/v2\/comments?post=3"}],"version-history":[{"count":4,"href":"http:\/\/www.casalcala-holidays.com\/es\/wp-json\/wp\/v2\/pages\/3\/revisions"}],"predecessor-version":[{"id":624,"href":"http:\/\/www.casalcala-holidays.com\/es\/wp-json\/wp\/v2\/pages\/3\/revisions\/624"}],"wp:attachment":[{"href":"http:\/\/www.casalcala-holidays.com\/es\/wp-json\/wp\/v2\/media?parent=3"}],"curies":[{"name":"wp","href":"https:\/\/api.w.org\/{rel}","templated":true}]}}