{"id":37,"date":"2024-10-08T19:37:16","date_gmt":"2024-10-08T17:37:16","guid":{"rendered":"http:\/\/www.casalcala-holidays.com\/contact\/"},"modified":"2024-10-08T19:37:39","modified_gmt":"2024-10-08T17:37:39","slug":"contact","status":"publish","type":"page","link":"http:\/\/www.casalcala-holidays.com\/es\/contact\/","title":{"rendered":"Contacto"},"content":{"rendered":"<div class=\"wp-block-uagb-container uagb-block-03b0edd2 alignfull uagb-is-root-container\"><div class=\"uagb-container-inner-blocks-wrap\">\n<div class=\"wp-block-uagb-advanced-heading uagb-block-f08b6f7a\"><h1 class=\"uagb-heading-text\">Ponte en Contacto con CASA ALCAL\u00c1.<\/h1><p class=\"uagb-desc-text\">\u00a1Nos encantar\u00eda saber de ti! Cont\u00e1ctanos para consultas, reservas o m\u00e1s informaci\u00f3n sobre nuestro hermoso espacio en Alcal\u00e1.<\/p><\/div>\n<\/div><\/div>\n\n\n\n<div class=\"wp-block-uagb-container uagb-layout-grid uagb-block-56cb4a3b alignfull uagb-is-root-container\"><div class=\"uagb-container-inner-blocks-wrap\">\n<div class=\"wp-block-uagb-image uagb-block-79526662 wp-block-uagb-image--layout-default wp-block-uagb-image--effect-static wp-block-uagb-image--align-none\"><figure class=\"wp-block-uagb-image__figure\"><img loading=\"lazy\" decoding=\"async\" srcset=\"http:\/\/www.casalcala-holidays.com\/wp-content\/uploads\/2024\/10\/37.webp ,http:\/\/www.casalcala-holidays.com\/wp-content\/uploads\/2024\/10\/37.webp 780w, http:\/\/www.casalcala-holidays.com\/wp-content\/uploads\/2024\/10\/37.webp 360w\" sizes=\"auto, (max-width: 480px) 150px\" src=\"http:\/\/www.casalcala-holidays.com\/wp-content\/uploads\/2024\/10\/37.webp\" alt=\"\" class=\"uag-image-29\" width=\"645\" height=\"600\" title=\"contact-img\" role=\"img\"\/><\/figure><\/div>\n\n\n\n<div class=\"wp-block-uagb-container uagb-block-92bd9c25\">\n<div class=\"wp-block-uagb-advanced-heading uagb-block-9b33255e\"><h2 class=\"uagb-heading-text\">Con\u00e9ctate con Nosotros para Cualquier Consulta o Soporte<\/h2><\/div>\n\n\n\n<div class=\"wp-block-uagb-advanced-heading uagb-block-c024fece\"><p class=\"uagb-desc-text\">Tel\u00e9fono<\/p><h3 class=\"uagb-heading-text\">+34 600 75 92 96<\/h3><div class=\"uagb-separator\"><\/div><\/div>\n\n\n\n<div class=\"wp-block-uagb-advanced-heading uagb-block-8edb5a4a\"><p class=\"uagb-desc-text\">Email<\/p><h3 class=\"uagb-heading-text\">info@casalcala-holidays.com<\/h3><div class=\"uagb-separator\"><\/div><\/div>\n\n\n\n<div class=\"wp-block-uagb-advanced-heading uagb-block-033dd052\"><p class=\"uagb-desc-text\">Ubicaci\u00f3n<\/p><h3 class=\"uagb-heading-text\">ALCAL\u00c1, TENERIFE<\/h3><div class=\"uagb-separator\"><\/div><\/div>\n\n\n\n<div class=\"wp-block-uagb-container uagb-layout-flex uagb-block-d09907c9\">\n<div class=\"wp-block-uagb-advanced-heading uagb-block-ce19f002\"><p class=\"uagb-desc-text\">Follow Us<\/p><\/div>\n\n\n\n<div class=\"wp-block-uagb-icon-list uagb-block-8ec401ad\"><div class=\"uagb-icon-list__wrap\">\n<div class=\"wp-block-uagb-icon-list-child uagb-block-3cb90d88\"><a target=\"_self\" aria-label=\"List item\" rel=\"noopener noreferrer\" href=\"#\"> <\/a><span class=\"uagb-icon-list__source-wrap\"><svg xmlns=\"https:\/\/www.w3.org\/2000\/svg\" viewbox=\"0 0 320 512\"><path d=\"M279.1 288l14.22-92.66h-88.91v-60.13c0-25.35 12.42-50.06 52.24-50.06h40.42V6.26S260.4 0 225.4 0c-73.22 0-121.1 44.38-121.1 124.7v70.62H22.89V288h81.39v224h100.2V288z\"><\/path><\/svg><\/span><\/div>\n\n\n\n<div class=\"wp-block-uagb-icon-list-child uagb-block-925765c8\"><a target=\"_self\" aria-label=\"List item\" rel=\"noopener noreferrer\" href=\"#\"> <\/a><span class=\"uagb-icon-list__source-wrap\"><svg xmlns=\"https:\/\/www.w3.org\/2000\/svg\" viewbox=\"0 0 512 512\"><path d=\"M389.2 48h70.6L305.6 224.2 487 464H345L233.7 318.6 106.5 464H35.8L200.7 275.5 26.8 48H172.4L272.9 180.9 389.2 48zM364.4 421.8h39.1L151.1 88h-42L364.4 421.8z\"><\/path><\/svg><\/span><\/div>\n\n\n\n<div class=\"wp-block-uagb-icon-list-child uagb-block-76251d4f\"><a target=\"_self\" aria-label=\"List item\" rel=\"noopener noreferrer\" href=\"#\"> <\/a><span class=\"uagb-icon-list__source-wrap\"><svg xmlns=\"https:\/\/www.w3.org\/2000\/svg\" viewbox=\"0 0 448 512\"><path d=\"M224.1 141c-63.6 0-114.9 51.3-114.9 114.9s51.3 114.9 114.9 114.9S339 319.5 339 255.9 287.7 141 224.1 141zm0 189.6c-41.1 0-74.7-33.5-74.7-74.7s33.5-74.7 74.7-74.7 74.7 33.5 74.7 74.7-33.6 74.7-74.7 74.7zm146.4-194.3c0 14.9-12 26.8-26.8 26.8-14.9 0-26.8-12-26.8-26.8s12-26.8 26.8-26.8 26.8 12 26.8 26.8zm76.1 27.2c-1.7-35.9-9.9-67.7-36.2-93.9-26.2-26.2-58-34.4-93.9-36.2-37-2.1-147.9-2.1-184.9 0-35.8 1.7-67.6 9.9-93.9 36.1s-34.4 58-36.2 93.9c-2.1 37-2.1 147.9 0 184.9 1.7 35.9 9.9 67.7 36.2 93.9s58 34.4 93.9 36.2c37 2.1 147.9 2.1 184.9 0 35.9-1.7 67.7-9.9 93.9-36.2 26.2-26.2 34.4-58 36.2-93.9 2.1-37 2.1-147.8 0-184.8zM398.8 388c-7.8 19.6-22.9 34.7-42.6 42.6-29.5 11.7-99.5 9-132.1 9s-102.7 2.6-132.1-9c-19.6-7.8-34.7-22.9-42.6-42.6-11.7-29.5-9-99.5-9-132.1s-2.6-102.7 9-132.1c7.8-19.6 22.9-34.7 42.6-42.6 29.5-11.7 99.5-9 132.1-9s102.7-2.6 132.1 9c19.6 7.8 34.7 22.9 42.6 42.6 11.7 29.5 9 99.5 9 132.1s2.7 102.7-9 132.1z\"><\/path><\/svg><\/span><\/div>\n\n\n\n<div class=\"wp-block-uagb-icon-list-child uagb-block-19f1bcd9\"><a target=\"_self\" aria-label=\"List item\" rel=\"noopener noreferrer\" href=\"#\"> <\/a><span class=\"uagb-icon-list__source-wrap\"><svg xmlns=\"https:\/\/www.w3.org\/2000\/svg\" viewbox=\"0 0 576 512\"><path d=\"M549.7 124.1c-6.281-23.65-24.79-42.28-48.28-48.6C458.8 64 288 64 288 64S117.2 64 74.63 75.49c-23.5 6.322-42 24.95-48.28 48.6-11.41 42.87-11.41 132.3-11.41 132.3s0 89.44 11.41 132.3c6.281 23.65 24.79 41.5 48.28 47.82C117.2 448 288 448 288 448s170.8 0 213.4-11.49c23.5-6.321 42-24.17 48.28-47.82 11.41-42.87 11.41-132.3 11.41-132.3s0-89.44-11.41-132.3zm-317.5 213.5V175.2l142.7 81.21-142.7 81.2z\"><\/path><\/svg><\/span><\/div>\n\n\n\n<div class=\"wp-block-uagb-icon-list-child uagb-block-f139fff5\"><a target=\"_self\" aria-label=\"List item\" rel=\"noopener noreferrer\" href=\"#\"> <\/a><span class=\"uagb-icon-list__source-wrap\"><svg xmlns=\"https:\/\/www.w3.org\/2000\/svg\" viewbox=\"0 0 448 512\"><path d=\"M100.3 448H7.4V148.9h92.88zM53.79 108.1C24.09 108.1 0 83.5 0 53.8a53.79 53.79 0 0 1 107.6 0c0 29.7-24.1 54.3-53.79 54.3zM447.9 448h-92.68V302.4c0-34.7-.7-79.2-48.29-79.2-48.29 0-55.69 37.7-55.69 76.7V448h-92.78V148.9h89.08v40.8h1.3c12.4-23.5 42.69-48.3 87.88-48.3 94 0 111.3 61.9 111.3 142.3V448z\"><\/path><\/svg><\/span><\/div>\n<\/div><\/div>\n<\/div>\n<\/div>\n<\/div><\/div>\n\n\n\n<div class=\"wp-block-uagb-container uagb-block-74eca18c alignfull uagb-is-root-container\"><div class=\"uagb-container-inner-blocks-wrap\">\n<div class=\"wp-block-uagb-container uagb-layout-flex uagb-block-0849e99a\">\n<div class=\"wp-block-uagb-container uagb-block-8b593d72\">\n<div class=\"wp-block-uagb-advanced-heading uagb-block-088ff5ee\"><h2 class=\"uagb-heading-text\">Env\u00edanos un Mensaje Hoy<\/h2><p class=\"uagb-desc-text\">Completa el formulario a continuaci\u00f3n y te responderemos r\u00e1pidamente a tus preguntas o solicitudes sobre tu estancia con nosotros.<\/p><\/div>\n\n\n\n<div class=\"wp-block-uagb-forms uagb-forms__outer-wrap uagb-block-541c7306 uagb-forms__medium-btn\"><form class=\"uagb-forms-main-form\" method=\"post\" autocomplete=\"on\" name=\"uagb-form-541c7306\" action=\"\">\n<div class=\"wp-block-uagb-forms-name uagb-forms-name-wrap uagb-forms-field-set uagb-block-4a2d3426 uag-col-2\"><div class=\"uagb-forms-name-label required uagb-forms-input-label\" id=\"4a2d3426\">First Name<\/div><input type=\"text\" placeholder=\"First Name\" required class=\"uagb-forms-name-input uagb-forms-input\" name=\"4a2d3426\" autocomplete=\"given-name\"\/><\/div>\n\n\n\n<div class=\"wp-block-uagb-forms-name uagb-forms-name-wrap uagb-forms-field-set uagb-block-f75d22bf uag-col-2\"><div class=\"uagb-forms-name-label required uagb-forms-input-label\" id=\"f75d22bf\">Last Name<\/div><input type=\"text\" placeholder=\"Last Name\" required class=\"uagb-forms-name-input uagb-forms-input\" name=\"f75d22bf\" autocomplete=\"family-name\"\/><\/div>\n\n\n\n<div class=\"wp-block-uagb-forms-email uagb-forms-email-wrap uagb-forms-field-set uagb-block-f3b47d3c\"><div class=\"uagb-forms-email-label  uagb-forms-input-label\" id=\"f3b47d3c\">Email<\/div><input type=\"email\" class=\"uagb-forms-email-input uagb-forms-input\" placeholder=\"Email Address\" name=\"f3b47d3c\" autocomplete=\"email\"\/><\/div>\n\n\n\n<div class=\"wp-block-uagb-forms-email uagb-forms-email-wrap uagb-forms-field-set uagb-block-733e9dc1\"><div class=\"uagb-forms-email-label  uagb-forms-input-label\" id=\"733e9dc1\">Email<\/div><input type=\"email\" class=\"uagb-forms-email-input uagb-forms-input\" placeholder=\"Tel\u00e9fono\" name=\"733e9dc1\" autocomplete=\"off\"\/><\/div>\n\n\n\n<div class=\"wp-block-uagb-forms-textarea uagb-forms-textarea-wrap uagb-forms-field-set uagb-block-31308042\"><div class=\"uagb-forms-textarea-label required uagb-forms-input-label\" id=\"31308042\">Message<\/div><textarea required class=\"uagb-forms-textarea-input uagb-forms-input\" rows=\"4\" placeholder=\"Type Your Message...\" name=\"31308042\" autocomplete=\"off\"><\/textarea><\/div>\n<div class=\"uagb-forms-form-hidden-data\"><input type=\"hidden\" class=\"uagb_forms_form_label\" value=\"Spectra Form\"\/><input type=\"hidden\" class=\"uagb_forms_form_id\" value=\"uagb-form-541c7306\"\/><\/div><div class=\"uagb-form-reacaptcha-error-541c7306\"><\/div><div class=\"uagb-forms-main-submit-button-wrap wp-block-button\"><button class=\"uagb-forms-main-submit-button wp-block-button__link\"><div class=\"uagb-forms-main-submit-button-text\">Enviar<\/div><\/button><\/div><input type=\"hidden\" name=\"trp-form-language\" value=\"es\"\/><\/form><div class=\"uagb-forms-success-message-541c7306 uagb-forms-submit-message-hide\"><span>The form has been submitted successfully!<\/span><\/div><div class=\"uagb-forms-failed-message-541c7306 uagb-forms-submit-message-hide\"><span>There has been some error while submitting the form. Please verify all form fields again.<\/span><\/div><\/div>\n<\/div>\n\n\n\t\t\t<div \n\t\t\tclass=\"wp-block-uagb-google-map uagb-google-map__wrap uagb-block-3ecab1fd\"\n\t\t\tstyle=\"\" >\n\t\t\t\t<embed\n\t\t\t\t\tclass=\"uagb-google-map__iframe\"\n\t\t\t\t\ttitle=\"Mapa de Google de\"\n\t\t\t\t\tsrc=\"https:\/\/maps.google.com\/maps?q=ALCAL%C3%81%2C%20TENERIFE&#038;z=12&#038;hl=en&#038;t=m&#038;output=embed&#038;iwloc=near\"\n\t\t\t\t\twidth=\"640\"\n\t\t\t\t\theight=\"550\"\n\t\t\t\t\tloading=\"lazy\"\n\t\t\t\t><\/embed>\n\t\t\t<\/div>\n\t\t\t<\/div>\n<\/div><\/div>\n\n\n\n<div class=\"wp-block-uagb-container uagb-block-a0200235 alignfull uagb-is-root-container\"><div class=\"uagb-container-inner-blocks-wrap\">\n<div class=\"wp-block-uagb-call-to-action uagb-block-c9597051 wp-block-button\"><div class=\"uagb-cta__wrap\"><h2 class=\"uagb-cta__title\">Check Out Our Recent Work On Instagram<\/h2><\/div><div class=\"uagb-cta__buttons\"><a href=\"#\" class=\"uagb-cta__button-link-wrapper wp-block-button__link\" target=\"_self\" rel=\"noopener noreferrer\">Follow Us On Instagram<\/a><\/div><\/div>\n\n\n\n<div class=\"wp-block-uagb-container uagb-layout-grid uagb-block-1e9a4002\">\n<div class=\"wp-block-uagb-image uagb-block-4675924b wp-block-uagb-image--layout-default wp-block-uagb-image--effect-static wp-block-uagb-image--align-none\"><figure class=\"wp-block-uagb-image__figure\"><img loading=\"lazy\" decoding=\"async\" srcset=\"http:\/\/www.casalcala-holidays.com\/wp-content\/uploads\/2024\/10\/16.webp ,http:\/\/www.casalcala-holidays.com\/wp-content\/uploads\/2024\/10\/16.webp 780w, http:\/\/www.casalcala-holidays.com\/wp-content\/uploads\/2024\/10\/16.webp 360w\" sizes=\"auto, (max-width: 480px) 150px\" src=\"http:\/\/www.casalcala-holidays.com\/wp-content\/uploads\/2024\/10\/16.webp\" alt=\"\" class=\"uag-image-24\" width=\"262\" height=\"262\" title=\"my-work-01\" role=\"img\"\/><\/figure><\/div>\n\n\n\n<div class=\"wp-block-uagb-image uagb-block-6fe0df3f wp-block-uagb-image--layout-default wp-block-uagb-image--effect-static wp-block-uagb-image--align-none\"><figure class=\"wp-block-uagb-image__figure\"><img loading=\"lazy\" decoding=\"async\" srcset=\"http:\/\/www.casalcala-holidays.com\/wp-content\/uploads\/2024\/10\/18.webp ,http:\/\/www.casalcala-holidays.com\/wp-content\/uploads\/2024\/10\/18.webp 780w, http:\/\/www.casalcala-holidays.com\/wp-content\/uploads\/2024\/10\/18.webp 360w\" sizes=\"auto, (max-width: 480px) 150px\" src=\"http:\/\/www.casalcala-holidays.com\/wp-content\/uploads\/2024\/10\/18.webp\" alt=\"\" class=\"uag-image-25\" width=\"262\" height=\"262\" title=\"my-work-02\" role=\"img\"\/><\/figure><\/div>\n\n\n\n<div class=\"wp-block-uagb-image uagb-block-37cfb130 wp-block-uagb-image--layout-default wp-block-uagb-image--effect-static wp-block-uagb-image--align-none\"><figure class=\"wp-block-uagb-image__figure\"><img loading=\"lazy\" decoding=\"async\" srcset=\"http:\/\/www.casalcala-holidays.com\/wp-content\/uploads\/2024\/10\/25.webp ,http:\/\/www.casalcala-holidays.com\/wp-content\/uploads\/2024\/10\/25.webp 780w, http:\/\/www.casalcala-holidays.com\/wp-content\/uploads\/2024\/10\/25.webp 360w\" sizes=\"auto, (max-width: 480px) 150px\" src=\"http:\/\/www.casalcala-holidays.com\/wp-content\/uploads\/2024\/10\/25.webp\" alt=\"\" class=\"uag-image-26\" width=\"262\" height=\"262\" title=\"my-work-03\" role=\"img\"\/><\/figure><\/div>\n\n\n\n<div class=\"wp-block-uagb-image uagb-block-31249b68 wp-block-uagb-image--layout-default wp-block-uagb-image--effect-static wp-block-uagb-image--align-none\"><figure class=\"wp-block-uagb-image__figure\"><img loading=\"lazy\" decoding=\"async\" srcset=\"http:\/\/www.casalcala-holidays.com\/wp-content\/uploads\/2024\/10\/26.webp ,http:\/\/www.casalcala-holidays.com\/wp-content\/uploads\/2024\/10\/26.webp 780w, http:\/\/www.casalcala-holidays.com\/wp-content\/uploads\/2024\/10\/26.webp 360w\" sizes=\"auto, (max-width: 480px) 150px\" src=\"http:\/\/www.casalcala-holidays.com\/wp-content\/uploads\/2024\/10\/26.webp\" alt=\"\" class=\"uag-image-27\" width=\"262\" height=\"262\" title=\"my-work-04\" role=\"img\"\/><\/figure><\/div>\n\n\n\n<div class=\"wp-block-uagb-image uagb-block-4f36728d wp-block-uagb-image--layout-default wp-block-uagb-image--effect-static wp-block-uagb-image--align-none uag-hide-tab\"><figure class=\"wp-block-uagb-image__figure\"><img loading=\"lazy\" decoding=\"async\" srcset=\"http:\/\/www.casalcala-holidays.com\/wp-content\/uploads\/2024\/10\/35.jpeg ,http:\/\/www.casalcala-holidays.com\/wp-content\/uploads\/2024\/10\/35.jpeg 780w, http:\/\/www.casalcala-holidays.com\/wp-content\/uploads\/2024\/10\/35.jpeg 360w\" sizes=\"auto, (max-width: 480px) 150px\" src=\"http:\/\/www.casalcala-holidays.com\/wp-content\/uploads\/2024\/10\/35.jpeg\" alt=\"\" class=\"uag-image-28\" width=\"262\" height=\"262\" title=\"my-work-05\" role=\"img\"\/><\/figure><\/div>\n<\/div>\n<\/div><\/div>\n\n\n\n<div class=\"wp-block-uagb-container uagb-block-9f047c00 alignfull uagb-is-root-container\"><div class=\"uagb-container-inner-blocks-wrap\">\n<div class=\"wp-block-uagb-container uagb-block-8ac3f7a9\">\n<div class=\"wp-block-uagb-info-box uagb-block-8023fb24 uagb-infobox__content-wrap  uagb-infobox-icon-above-title uagb-infobox-image-valign-top\"><div class=\"uagb-ifb-content\"><div class=\"uagb-ifb-title-wrap\"><h2 class=\"uagb-ifb-title\">\u00bfListo para Reservar Tu Estancia?<\/h2><\/div><p class=\"uagb-ifb-desc\">Ponte en contacto con nosotros para asegurar tu reserva y disfrutar de una estancia memorable en CASA ALCAL\u00c1.<\/p><div class=\"uagb-ifb-button-wrapper wp-block-button\"><a href=\"#\" class=\"uagb-infobox-cta-link wp-block-button__link\" target=\"_self\" rel=\"noopener noreferrer\" onclick=\"return false;\"><span class=\"uagb-inline-editing\">Reserva ahora<\/span><\/a><\/div><\/div><\/div>\n<\/div>\n<\/div><\/div>","protected":false},"excerpt":{"rendered":"<p>Get in Touch with CASA ALCALA We\u2019d love to hear from you! Reach out for inquiries, bookings, or more information [&hellip;]<\/p>","protected":false},"author":1,"featured_media":0,"parent":0,"menu_order":0,"comment_status":"closed","ping_status":"closed","template":"","meta":{"_uag_custom_page_level_css":"","site-sidebar-layout":"default","site-content-layout":"","ast-site-content-layout":"default","site-content-style":"default","site-sidebar-style":"default","ast-global-header-display":"","ast-banner-title-visibility":"","ast-main-header-display":"","ast-hfb-above-header-display":"","ast-hfb-below-header-display":"","ast-hfb-mobile-header-display":"","site-post-title":"disabled","ast-breadcrumbs-content":"","ast-featured-img":"","footer-sml-layout":"","theme-transparent-header-meta":"","adv-header-id-meta":"","stick-header-meta":"","header-above-stick-meta":"","header-main-stick-meta":"","header-below-stick-meta":"","astra-migrate-meta-layouts":"default","ast-page-background-enabled":"default","ast-page-background-meta":{"desktop":{"background-color":"var(--ast-global-color-4)","background-image":"","background-repeat":"repeat","background-position":"center center","background-size":"auto","background-attachment":"scroll","background-type":"","background-media":"","overlay-type":"","overlay-color":"","overlay-opacity":"","overlay-gradient":""},"tablet":{"background-color":"","background-image":"","background-repeat":"repeat","background-position":"center center","background-size":"auto","background-attachment":"scroll","background-type":"","background-media":"","overlay-type":"","overlay-color":"","overlay-opacity":"","overlay-gradient":""},"mobile":{"background-color":"","background-image":"","background-repeat":"repeat","background-position":"center center","background-size":"auto","background-attachment":"scroll","background-type":"","background-media":"","overlay-type":"","overlay-color":"","overlay-opacity":"","overlay-gradient":""}},"ast-content-background-meta":{"desktop":{"background-color":"var(--ast-global-color-5)","background-image":"","background-repeat":"repeat","background-position":"center center","background-size":"auto","background-attachment":"scroll","background-type":"","background-media":"","overlay-type":"","overlay-color":"","overlay-opacity":"","overlay-gradient":""},"tablet":{"background-color":"var(--ast-global-color-5)","background-image":"","background-repeat":"repeat","background-position":"center center","background-size":"auto","background-attachment":"scroll","background-type":"","background-media":"","overlay-type":"","overlay-color":"","overlay-opacity":"","overlay-gradient":""},"mobile":{"background-color":"var(--ast-global-color-5)","background-image":"","background-repeat":"repeat","background-position":"center center","background-size":"auto","background-attachment":"scroll","background-type":"","background-media":"","overlay-type":"","overlay-color":"","overlay-opacity":"","overlay-gradient":""}},"footnotes":""},"class_list":["post-37","page","type-page","status-publish","hentry"],"yoast_head":"<!-- This site is optimized with the Yoast SEO plugin v26.5 - https:\/\/yoast.com\/wordpress\/plugins\/seo\/ -->\n<title>Contact - CASA ALCALA<\/title>\n<meta name=\"robots\" content=\"index, follow, max-snippet:-1, max-image-preview:large, max-video-preview:-1\" \/>\n<link rel=\"canonical\" href=\"http:\/\/www.casalcala-holidays.com\/es\/contact\/\" \/>\n<meta property=\"og:locale\" content=\"es_ES\" \/>\n<meta property=\"og:type\" content=\"article\" \/>\n<meta property=\"og:title\" content=\"Contact - CASA ALCALA\" \/>\n<meta property=\"og:description\" content=\"Get in Touch with CASA ALCALA We\u2019d love to hear from you! Reach out for inquiries, bookings, or more information [&hellip;]\" \/>\n<meta property=\"og:url\" content=\"http:\/\/www.casalcala-holidays.com\/es\/contact\/\" \/>\n<meta property=\"og:site_name\" content=\"CASA ALCALA\" \/>\n<meta property=\"article:modified_time\" content=\"2024-10-08T17:37:39+00:00\" \/>\n<meta property=\"og:image\" content=\"http:\/\/www.casalcala-holidays.com\/wp-content\/uploads\/2024\/10\/37.webp\" \/>\n<meta name=\"twitter:card\" content=\"summary_large_image\" \/>\n<script type=\"application\/ld+json\" class=\"yoast-schema-graph\">{\"@context\":\"https:\/\/schema.org\",\"@graph\":[{\"@type\":\"WebPage\",\"@id\":\"http:\/\/www.casalcala-holidays.com\/contact\/\",\"url\":\"http:\/\/www.casalcala-holidays.com\/contact\/\",\"name\":\"Contact - CASA ALCALA\",\"isPartOf\":{\"@id\":\"http:\/\/www.casalcala-holidays.com\/#website\"},\"primaryImageOfPage\":{\"@id\":\"http:\/\/www.casalcala-holidays.com\/contact\/#primaryimage\"},\"image\":{\"@id\":\"http:\/\/www.casalcala-holidays.com\/contact\/#primaryimage\"},\"thumbnailUrl\":\"http:\/\/www.casalcala-holidays.com\/wp-content\/uploads\/2024\/10\/37.webp\",\"datePublished\":\"2024-10-08T17:37:16+00:00\",\"dateModified\":\"2024-10-08T17:37:39+00:00\",\"breadcrumb\":{\"@id\":\"http:\/\/www.casalcala-holidays.com\/contact\/#breadcrumb\"},\"inLanguage\":\"es\",\"potentialAction\":[{\"@type\":\"ReadAction\",\"target\":[\"http:\/\/www.casalcala-holidays.com\/contact\/\"]}]},{\"@type\":\"ImageObject\",\"inLanguage\":\"es\",\"@id\":\"http:\/\/www.casalcala-holidays.com\/contact\/#primaryimage\",\"url\":\"http:\/\/www.casalcala-holidays.com\/wp-content\/uploads\/2024\/10\/37.webp\",\"contentUrl\":\"http:\/\/www.casalcala-holidays.com\/wp-content\/uploads\/2024\/10\/37.webp\"},{\"@type\":\"BreadcrumbList\",\"@id\":\"http:\/\/www.casalcala-holidays.com\/contact\/#breadcrumb\",\"itemListElement\":[{\"@type\":\"ListItem\",\"position\":1,\"name\":\"Home\",\"item\":\"http:\/\/www.casalcala-holidays.com\/\"},{\"@type\":\"ListItem\",\"position\":2,\"name\":\"Contact\"}]},{\"@type\":\"WebSite\",\"@id\":\"http:\/\/www.casalcala-holidays.com\/#website\",\"url\":\"http:\/\/www.casalcala-holidays.com\/\",\"name\":\"CASA ALCALA\",\"description\":\"\",\"potentialAction\":[{\"@type\":\"SearchAction\",\"target\":{\"@type\":\"EntryPoint\",\"urlTemplate\":\"http:\/\/www.casalcala-holidays.com\/?s={search_term_string}\"},\"query-input\":{\"@type\":\"PropertyValueSpecification\",\"valueRequired\":true,\"valueName\":\"search_term_string\"}}],\"inLanguage\":\"es\"}]}<\/script>\n<!-- \/ Yoast SEO plugin. -->","yoast_head_json":{"title":"Contact - CASA ALCALA","robots":{"index":"index","follow":"follow","max-snippet":"max-snippet:-1","max-image-preview":"max-image-preview:large","max-video-preview":"max-video-preview:-1"},"canonical":"http:\/\/www.casalcala-holidays.com\/es\/contact\/","og_locale":"es_ES","og_type":"article","og_title":"Contact - CASA ALCALA","og_description":"Get in Touch with CASA ALCALA We\u2019d love to hear from you! Reach out for inquiries, bookings, or more information [&hellip;]","og_url":"http:\/\/www.casalcala-holidays.com\/es\/contact\/","og_site_name":"CASA ALCALA","article_modified_time":"2024-10-08T17:37:39+00:00","og_image":[{"url":"http:\/\/www.casalcala-holidays.com\/wp-content\/uploads\/2024\/10\/37.webp","type":"","width":"","height":""}],"twitter_card":"summary_large_image","schema":{"@context":"https:\/\/schema.org","@graph":[{"@type":"WebPage","@id":"http:\/\/www.casalcala-holidays.com\/contact\/","url":"http:\/\/www.casalcala-holidays.com\/contact\/","name":"Contact - CASA ALCALA","isPartOf":{"@id":"http:\/\/www.casalcala-holidays.com\/#website"},"primaryImageOfPage":{"@id":"http:\/\/www.casalcala-holidays.com\/contact\/#primaryimage"},"image":{"@id":"http:\/\/www.casalcala-holidays.com\/contact\/#primaryimage"},"thumbnailUrl":"http:\/\/www.casalcala-holidays.com\/wp-content\/uploads\/2024\/10\/37.webp","datePublished":"2024-10-08T17:37:16+00:00","dateModified":"2024-10-08T17:37:39+00:00","breadcrumb":{"@id":"http:\/\/www.casalcala-holidays.com\/contact\/#breadcrumb"},"inLanguage":"es","potentialAction":[{"@type":"ReadAction","target":["http:\/\/www.casalcala-holidays.com\/contact\/"]}]},{"@type":"ImageObject","inLanguage":"es","@id":"http:\/\/www.casalcala-holidays.com\/contact\/#primaryimage","url":"http:\/\/www.casalcala-holidays.com\/wp-content\/uploads\/2024\/10\/37.webp","contentUrl":"http:\/\/www.casalcala-holidays.com\/wp-content\/uploads\/2024\/10\/37.webp"},{"@type":"BreadcrumbList","@id":"http:\/\/www.casalcala-holidays.com\/contact\/#breadcrumb","itemListElement":[{"@type":"ListItem","position":1,"name":"Home","item":"http:\/\/www.casalcala-holidays.com\/"},{"@type":"ListItem","position":2,"name":"Contact"}]},{"@type":"WebSite","@id":"http:\/\/www.casalcala-holidays.com\/#website","url":"http:\/\/www.casalcala-holidays.com\/","name":"CASA ALCALA","description":"","potentialAction":[{"@type":"SearchAction","target":{"@type":"EntryPoint","urlTemplate":"http:\/\/www.casalcala-holidays.com\/?s={search_term_string}"},"query-input":{"@type":"PropertyValueSpecification","valueRequired":true,"valueName":"search_term_string"}}],"inLanguage":"es"}]}},"uagb_featured_image_src":{"full":false,"thumbnail":false,"medium":false,"medium_large":false,"large":false,"1536x1536":false,"2048x2048":false,"trp-custom-language-flag":false},"uagb_author_info":{"display_name":"JESUS","author_link":"http:\/\/www.casalcala-holidays.com\/es\/author\/jesus\/"},"uagb_comment_info":0,"uagb_excerpt":"Get in Touch with CASA ALCALA We\u2019d love to hear from you! Reach out for inquiries, bookings, or more information [&hellip;]","_links":{"self":[{"href":"http:\/\/www.casalcala-holidays.com\/es\/wp-json\/wp\/v2\/pages\/37","targetHints":{"allow":["GET"]}}],"collection":[{"href":"http:\/\/www.casalcala-holidays.com\/es\/wp-json\/wp\/v2\/pages"}],"about":[{"href":"http:\/\/www.casalcala-holidays.com\/es\/wp-json\/wp\/v2\/types\/page"}],"author":[{"embeddable":true,"href":"http:\/\/www.casalcala-holidays.com\/es\/wp-json\/wp\/v2\/users\/1"}],"replies":[{"embeddable":true,"href":"http:\/\/www.casalcala-holidays.com\/es\/wp-json\/wp\/v2\/comments?post=37"}],"version-history":[{"count":2,"href":"http:\/\/www.casalcala-holidays.com\/es\/wp-json\/wp\/v2\/pages\/37\/revisions"}],"predecessor-version":[{"id":596,"href":"http:\/\/www.casalcala-holidays.com\/es\/wp-json\/wp\/v2\/pages\/37\/revisions\/596"}],"wp:attachment":[{"href":"http:\/\/www.casalcala-holidays.com\/es\/wp-json\/wp\/v2\/media?parent=37"}],"curies":[{"name":"wp","href":"https:\/\/api.w.org\/{rel}","templated":true}]}}