{"id":616,"date":"2024-10-08T20:13:18","date_gmt":"2024-10-08T18:13:18","guid":{"rendered":"http:\/\/www.casalcala-holidays.com\/?page_id=616"},"modified":"2024-10-08T20:32:33","modified_gmt":"2024-10-08T18:32:33","slug":"accesibilidad","status":"publish","type":"page","link":"http:\/\/www.casalcala-holidays.com\/es\/accesibilidad\/","title":{"rendered":"Accesibilidad"},"content":{"rendered":"<div data-elementor-type=\"wp-page\" data-elementor-id=\"616\" class=\"elementor elementor-616\">\n\t\t\t\t<div class=\"elementor-element elementor-element-5cc6019c e-flex e-con-boxed e-con e-parent\" data-id=\"5cc6019c\" data-element_type=\"container\" data-e-type=\"container\">\n\t\t\t\t\t<div class=\"e-con-inner\">\n\t\t\t\t<div class=\"elementor-element elementor-element-7ff07b16 elementor-widget elementor-widget-text-editor\" data-id=\"7ff07b16\" data-element_type=\"widget\" data-e-type=\"widget\" data-widget_type=\"text-editor.default\">\n\t\t\t\t<div class=\"elementor-widget-container\">\n\t\t\t\t\t\t\t\t\t<p><strong>CASA ALCALA se compromete en hacer accesible su sitio web de conformidad con el\u00a0<\/strong><a href=\"https:\/\/www.boe.es\/diario_boe\/txt.php?id=BOE-A-2018-12699\"><strong>Real Decreto 1112\/2018<\/strong><\/a><strong>, sobre accesibilidad de los sitios webs y aplicaciones para dispositivos m\u00f3viles del sector p\u00fablico.<\/strong><\/p>\n<p>La presente declaraci\u00f3n de accesibilidad se aplica al sitio web <a href=\"http:\/\/www.casalcala-holidays.com.\">www.casalcala-holidays.com.<\/a><\/p>\n<p><strong>SITUACI\u00d3N DE CUMPLIMIENTO<\/strong><\/p>\n<p>Este sitio web es parcialmente conforme con el\u00a0<a href=\"https:\/\/www.boe.es\/diario_boe\/txt.php?id=BOE-A-2018-12699\">RD 1112\/2018<\/a>\u00a0debido a la falta de conformidad de los aspectos que se indican a continuaci\u00f3n.<\/p>\n<p><strong>Contenido no accesible<\/strong><\/p>\n<p>El contenido que se recoge a continuaci\u00f3n no es accesible por lo siguiente:<\/p>\n<p><strong>Falta de conformidad con el RD 1112\/2018<\/strong><\/p>\n<ul>\n<li>Se pueden encontrar im\u00e1genes sin que acompa\u00f1e texto explicativo.<\/li>\n<li>Se puede encontrar a\u00fan anidamientos incorrectos de etiquetas.<\/li>\n<li>Podr\u00edan existir fallos de edici\u00f3n en la p\u00e1gina web.<\/li>\n<\/ul>\n<p><strong>Carga desproporcionada<\/strong><\/p>\n<ul>\n<li>No aplica.<\/li>\n<\/ul>\n<p><strong>El contenido no entra dentro del \u00e1mbito de la legislaci\u00f3n aplicable.<\/strong><\/p>\n<ul>\n<li>Existen archivos ofim\u00e1ticos en PDF que no cumplan en su totalidad todos los requisitos de accesibilidad.<\/li>\n<\/ul>\n<p>La presente declaraci\u00f3n fue preparada el 18 de mayo de 2024.<\/p>\n<p>El m\u00e9todo empleado para preparar la declaraci\u00f3n ha sido una autoevaluaci\u00f3n llevada a cabo por el equipo de accesibilidad.<\/p>\n<p>\u00daltima revisi\u00f3n de la declaraci\u00f3n: 02 de mayo de 2024.<\/p>\n<p><strong>Observaciones y datos de contacto<\/strong><\/p>\n<p>Puede realizar comunicaciones sobre requisitos de accesibilidad (art\u00edculo 10.2.a) del RD 1112\/2018) como, por ejemplo:<\/p>\n<ul>\n<li>Informar sobre cualquier posible incumplimiento por parte de este sitio web.<\/li>\n<li>Transmitir otras dificultades de acceso al contenido.<\/li>\n<li>Formular cualquier otra consulta o sugerencia de mejora relativa a la accesibilidad del sitio web.<\/li>\n<\/ul>\n<p>A trav\u00e9s de nuestro buz\u00f3n de sugerencias info@casalcala-holidays.com o de manera presencial en nuestra sede:<\/p>\n<p>ALCALA &#8211; TENERIFE<\/p>\n<p>Las comunicaciones ser\u00e1n recibidas y tratadas por el equipo de Accesibilidad.<\/p>\n<p>\u00a0<\/p>\t\t\t\t\t\t\t\t<\/div>\n\t\t\t\t<\/div>\n\t\t\t\t\t<\/div>\n\t\t\t\t<\/div>\n\t\t\t\t<\/div>","protected":false},"excerpt":{"rendered":"<p>CASA ALCALA se compromete en hacer accesible su sitio web de conformidad con el\u00a0Real Decreto 1112\/2018, sobre accesibilidad de los [&hellip;]<\/p>","protected":false},"author":1,"featured_media":0,"parent":0,"menu_order":0,"comment_status":"closed","ping_status":"closed","template":"","meta":{"_uag_custom_page_level_css":"","site-sidebar-layout":"default","site-content-layout":"","ast-site-content-layout":"default","site-content-style":"default","site-sidebar-style":"default","ast-global-header-display":"","ast-banner-title-visibility":"","ast-main-header-display":"","ast-hfb-above-header-display":"","ast-hfb-below-header-display":"","ast-hfb-mobile-header-display":"","site-post-title":"","ast-breadcrumbs-content":"","ast-featured-img":"","footer-sml-layout":"","theme-transparent-header-meta":"","adv-header-id-meta":"","stick-header-meta":"","header-above-stick-meta":"","header-main-stick-meta":"","header-below-stick-meta":"","astra-migrate-meta-layouts":"default","ast-page-background-enabled":"default","ast-page-background-meta":{"desktop":{"background-color":"var(--ast-global-color-4)","background-image":"","background-repeat":"repeat","background-position":"center center","background-size":"auto","background-attachment":"scroll","background-type":"","background-media":"","overlay-type":"","overlay-color":"","overlay-opacity":"","overlay-gradient":""},"tablet":{"background-color":"","background-image":"","background-repeat":"repeat","background-position":"center center","background-size":"auto","background-attachment":"scroll","background-type":"","background-media":"","overlay-type":"","overlay-color":"","overlay-opacity":"","overlay-gradient":""},"mobile":{"background-color":"","background-image":"","background-repeat":"repeat","background-position":"center center","background-size":"auto","background-attachment":"scroll","background-type":"","background-media":"","overlay-type":"","overlay-color":"","overlay-opacity":"","overlay-gradient":""}},"ast-content-background-meta":{"desktop":{"background-color":"var(--ast-global-color-5)","background-image":"","background-repeat":"repeat","background-position":"center center","background-size":"auto","background-attachment":"scroll","background-type":"","background-media":"","overlay-type":"","overlay-color":"","overlay-opacity":"","overlay-gradient":""},"tablet":{"background-color":"var(--ast-global-color-5)","background-image":"","background-repeat":"repeat","background-position":"center center","background-size":"auto","background-attachment":"scroll","background-type":"","background-media":"","overlay-type":"","overlay-color":"","overlay-opacity":"","overlay-gradient":""},"mobile":{"background-color":"var(--ast-global-color-5)","background-image":"","background-repeat":"repeat","background-position":"center center","background-size":"auto","background-attachment":"scroll","background-type":"","background-media":"","overlay-type":"","overlay-color":"","overlay-opacity":"","overlay-gradient":""}},"footnotes":""},"class_list":["post-616","page","type-page","status-publish","hentry"],"yoast_head":"<!-- This site is optimized with the Yoast SEO plugin v26.5 - https:\/\/yoast.com\/wordpress\/plugins\/seo\/ -->\n<title>Accesibilidad - CASA ALCALA<\/title>\n<meta name=\"robots\" content=\"index, follow, max-snippet:-1, max-image-preview:large, max-video-preview:-1\" \/>\n<link rel=\"canonical\" href=\"https:\/\/www.casalcala-holidays.com\/es\/accesibilidad\/\" \/>\n<meta property=\"og:locale\" content=\"es_ES\" \/>\n<meta property=\"og:type\" content=\"article\" \/>\n<meta property=\"og:title\" content=\"Accesibilidad - CASA ALCALA\" \/>\n<meta property=\"og:description\" content=\"CASA ALCALA se compromete en hacer accesible su sitio web de conformidad con el\u00a0Real Decreto 1112\/2018, sobre accesibilidad de los [&hellip;]\" \/>\n<meta property=\"og:url\" content=\"https:\/\/www.casalcala-holidays.com\/es\/accesibilidad\/\" \/>\n<meta property=\"og:site_name\" content=\"CASA ALCALA\" \/>\n<meta property=\"article:modified_time\" content=\"2024-10-08T18:32:33+00:00\" \/>\n<meta name=\"twitter:card\" content=\"summary_large_image\" \/>\n<meta name=\"twitter:label1\" content=\"Tiempo de lectura\" \/>\n\t<meta name=\"twitter:data1\" content=\"1 minuto\" \/>\n<script type=\"application\/ld+json\" class=\"yoast-schema-graph\">{\"@context\":\"https:\/\/schema.org\",\"@graph\":[{\"@type\":\"WebPage\",\"@id\":\"https:\/\/www.casalcala-holidays.com\/accesibilidad\/\",\"url\":\"https:\/\/www.casalcala-holidays.com\/accesibilidad\/\",\"name\":\"Accesibilidad - CASA ALCALA\",\"isPartOf\":{\"@id\":\"http:\/\/www.casalcala-holidays.com\/es\/#website\"},\"datePublished\":\"2024-10-08T18:13:18+00:00\",\"dateModified\":\"2024-10-08T18:32:33+00:00\",\"breadcrumb\":{\"@id\":\"https:\/\/www.casalcala-holidays.com\/accesibilidad\/#breadcrumb\"},\"inLanguage\":\"es\",\"potentialAction\":[{\"@type\":\"ReadAction\",\"target\":[\"https:\/\/www.casalcala-holidays.com\/accesibilidad\/\"]}]},{\"@type\":\"BreadcrumbList\",\"@id\":\"https:\/\/www.casalcala-holidays.com\/accesibilidad\/#breadcrumb\",\"itemListElement\":[{\"@type\":\"ListItem\",\"position\":1,\"name\":\"Home\",\"item\":\"http:\/\/www.casalcala-holidays.com\/es\/\"},{\"@type\":\"ListItem\",\"position\":2,\"name\":\"Accesibilidad\"}]},{\"@type\":\"WebSite\",\"@id\":\"http:\/\/www.casalcala-holidays.com\/es\/#website\",\"url\":\"http:\/\/www.casalcala-holidays.com\/es\/\",\"name\":\"CASA ALCALA\",\"description\":\"\",\"potentialAction\":[{\"@type\":\"SearchAction\",\"target\":{\"@type\":\"EntryPoint\",\"urlTemplate\":\"http:\/\/www.casalcala-holidays.com\/es\/?s={search_term_string}\"},\"query-input\":{\"@type\":\"PropertyValueSpecification\",\"valueRequired\":true,\"valueName\":\"search_term_string\"}}],\"inLanguage\":\"es\"}]}<\/script>\n<!-- \/ Yoast SEO plugin. -->","yoast_head_json":{"title":"Accesibilidad - CASA ALCALA","robots":{"index":"index","follow":"follow","max-snippet":"max-snippet:-1","max-image-preview":"max-image-preview:large","max-video-preview":"max-video-preview:-1"},"canonical":"https:\/\/www.casalcala-holidays.com\/es\/accesibilidad\/","og_locale":"es_ES","og_type":"article","og_title":"Accesibilidad - CASA ALCALA","og_description":"CASA ALCALA se compromete en hacer accesible su sitio web de conformidad con el\u00a0Real Decreto 1112\/2018, sobre accesibilidad de los [&hellip;]","og_url":"https:\/\/www.casalcala-holidays.com\/es\/accesibilidad\/","og_site_name":"CASA ALCALA","article_modified_time":"2024-10-08T18:32:33+00:00","twitter_card":"summary_large_image","twitter_misc":{"Tiempo de lectura":"1 minuto"},"schema":{"@context":"https:\/\/schema.org","@graph":[{"@type":"WebPage","@id":"https:\/\/www.casalcala-holidays.com\/accesibilidad\/","url":"https:\/\/www.casalcala-holidays.com\/accesibilidad\/","name":"Accesibilidad - CASA ALCALA","isPartOf":{"@id":"http:\/\/www.casalcala-holidays.com\/es\/#website"},"datePublished":"2024-10-08T18:13:18+00:00","dateModified":"2024-10-08T18:32:33+00:00","breadcrumb":{"@id":"https:\/\/www.casalcala-holidays.com\/accesibilidad\/#breadcrumb"},"inLanguage":"es","potentialAction":[{"@type":"ReadAction","target":["https:\/\/www.casalcala-holidays.com\/accesibilidad\/"]}]},{"@type":"BreadcrumbList","@id":"https:\/\/www.casalcala-holidays.com\/accesibilidad\/#breadcrumb","itemListElement":[{"@type":"ListItem","position":1,"name":"Home","item":"http:\/\/www.casalcala-holidays.com\/es\/"},{"@type":"ListItem","position":2,"name":"Accesibilidad"}]},{"@type":"WebSite","@id":"http:\/\/www.casalcala-holidays.com\/es\/#website","url":"http:\/\/www.casalcala-holidays.com\/es\/","name":"CASA ALCALA","description":"","potentialAction":[{"@type":"SearchAction","target":{"@type":"EntryPoint","urlTemplate":"http:\/\/www.casalcala-holidays.com\/es\/?s={search_term_string}"},"query-input":{"@type":"PropertyValueSpecification","valueRequired":true,"valueName":"search_term_string"}}],"inLanguage":"es"}]}},"uagb_featured_image_src":{"full":false,"thumbnail":false,"medium":false,"medium_large":false,"large":false,"1536x1536":false,"2048x2048":false,"trp-custom-language-flag":false},"uagb_author_info":{"display_name":"JESUS","author_link":"http:\/\/www.casalcala-holidays.com\/es\/author\/jesus\/"},"uagb_comment_info":0,"uagb_excerpt":"CASA ALCALA se compromete en hacer accesible su sitio web de conformidad con el\u00a0Real Decreto 1112\/2018, sobre accesibilidad de los [&hellip;]","_links":{"self":[{"href":"http:\/\/www.casalcala-holidays.com\/es\/wp-json\/wp\/v2\/pages\/616","targetHints":{"allow":["GET"]}}],"collection":[{"href":"http:\/\/www.casalcala-holidays.com\/es\/wp-json\/wp\/v2\/pages"}],"about":[{"href":"http:\/\/www.casalcala-holidays.com\/es\/wp-json\/wp\/v2\/types\/page"}],"author":[{"embeddable":true,"href":"http:\/\/www.casalcala-holidays.com\/es\/wp-json\/wp\/v2\/users\/1"}],"replies":[{"embeddable":true,"href":"http:\/\/www.casalcala-holidays.com\/es\/wp-json\/wp\/v2\/comments?post=616"}],"version-history":[{"count":4,"href":"http:\/\/www.casalcala-holidays.com\/es\/wp-json\/wp\/v2\/pages\/616\/revisions"}],"predecessor-version":[{"id":633,"href":"http:\/\/www.casalcala-holidays.com\/es\/wp-json\/wp\/v2\/pages\/616\/revisions\/633"}],"wp:attachment":[{"href":"http:\/\/www.casalcala-holidays.com\/es\/wp-json\/wp\/v2\/media?parent=616"}],"curies":[{"name":"wp","href":"https:\/\/api.w.org\/{rel}","templated":true}]}}