{"id":618,"date":"2024-10-08T20:13:05","date_gmt":"2024-10-08T18:13:05","guid":{"rendered":"http:\/\/www.casalcala-holidays.com\/?page_id=618"},"modified":"2024-10-08T20:29:48","modified_gmt":"2024-10-08T18:29:48","slug":"aviso_legal","status":"publish","type":"page","link":"http:\/\/www.casalcala-holidays.com\/es\/aviso_legal\/","title":{"rendered":"Aviso Legal"},"content":{"rendered":"<div data-elementor-type=\"wp-page\" data-elementor-id=\"618\" class=\"elementor elementor-618\">\n\t\t\t\t<div class=\"elementor-element elementor-element-13071d8d e-flex e-con-boxed e-con e-parent\" data-id=\"13071d8d\" data-element_type=\"container\" data-e-type=\"container\">\n\t\t\t\t\t<div class=\"e-con-inner\">\n\t\t\t\t<div class=\"elementor-element elementor-element-229eda5 elementor-widget elementor-widget-text-editor\" data-id=\"229eda5\" data-element_type=\"widget\" data-e-type=\"widget\" data-widget_type=\"text-editor.default\">\n\t\t\t\t<div class=\"elementor-widget-container\">\n\t\t\t\t\t\t\t\t\t<ol>\n<li><strong>Objeto y aceptaci\u00f3n<\/strong><\/li>\n<\/ol>\n<p>El presente aviso legal regula el uso del sitio Web: http:\/\/www.casalcala-holidays.com\/<\/p>\n<p>El sitio web http:\/\/www.casalcala-holidays.com\/ presta servicios cuyo objetivo primordial es permitir el contacto entre los usuarios y la empresa, bien para ponerse en contacto con nosotros o para pedir presupuestos.<\/p>\n<p>La navegaci\u00f3n por la p\u00e1gina http:\/\/www.casalcala-holidays.com\/ atribuye la condici\u00f3n de usuario de la misma e implica la aceptaci\u00f3n plena y sin reservas de todas y cada una de las disposiciones incluidas en este Aviso Legal, que pueden sufrir modificaciones.<\/p>\n<p>El usuario se obliga a hacer un uso correcto del sitio Web de conformidad con las leyes, la buena fe, el orden p\u00fablico, los usos del tr\u00e1fico y el presente Aviso Legal. El Usuario responder\u00e1 frente a\u00a0CASA ALCALAy frente a terceros, de los da\u00f1os y perjuicios que pudieran causarse como consecuencia del incumplimiento de dicha obligaci\u00f3n.<\/p>\n<ol>\n<li><strong>Titularidad de la web e identificaci\u00f3n del Prestador de Servicios de la Sociedad de la Informaci\u00f3n<\/strong><\/li>\n<\/ol>\n<p>Con la finalidad de dar cumplimiento al principio de Informaci\u00f3n general exigido por el Art\u00edculo 10 de la Ley 34\/2002, de 11 de julio, de servicios de la sociedad de la informaci\u00f3n y de comercio electr\u00f3nico\u00a0informamos a nuestros usuarios que el presente sitio web pertenece a\u00a0NATALIA OLEIDA HERNANDEZ RODRIGUEZ con NIF: 78610461A,<\/p>\n<p>Direcci\u00f3n: ALCAL\u00c1 &#8211; TENERIFE<\/p>\n<p>Correo-e: info@casalcala-holidays.com<\/p>\n<p>Web alojada por: www.ionos.es<\/p>\n<p><strong>Condiciones generales de acceso y utilizaci\u00f3n<\/strong><\/p>\n<p>El sitio Web y sus servicios son de acceso libre y gratuito, si bien la utilizaci\u00f3n de determinadas \u00e1reas o servicios est\u00e1 condicionada a cumplimentar formularios de recogida de datos. S\u00f3lo los mayores de 18 a\u00f1os podr\u00e1n facilitar datos a trav\u00e9s de nuestra web, y los menores de 16 a\u00f1os no pueden facilitarlos sin el consentimiento de los padres o tutores.<\/p>\n<p>El Usuario garantiza la autenticidad y actualidad de todos aquellos datos que comunique a\u00a0CASA ALCALA y ser\u00e1 el \u00fanico responsable de las manifestaciones falsas o inexactas que realice.<\/p>\n<p>http:\/\/www.casalcala-holidays.com\/\u00a0tiene los siguientes tipos de usuarios:<\/p>\n<p>Usuarios que aportan datos en cualquiera de los formularios disponibles:\u00a0Los datos personales que CASA ALCALA solicita incluye el nombre y direcci\u00f3n electr\u00f3nica y los proporcionados por el propio usuario al rellenar los formularios.<\/p>\n<p>Usuarios que no han contactado con CASA ALCALA, pero de los que se recogen datos:\u00a0Datos proporcionados por las cookies<\/p>\n<p><strong>3.1. Reglas y prohibiciones de uso para usuarios de nuestros servicios<\/strong><\/p>\n<p>El Usuario se compromete expresamente a hacer un uso adecuado de los contenidos y servicios ofrecidos y a no emplearlos para:<\/p>\n<ul>\n<li>Difundir contenidos delictivos, violentos, pornogr\u00e1ficos, racistas, xen\u00f3fobo, ofensivos, de apolog\u00eda del terrorismo o, en general, contrarios a la ley o al orden p\u00fablico.<\/li>\n<li>Introducir en la red virus inform\u00e1ticos o realizar actuaciones susceptibles de alterar, estropear, interrumpir o generar errores o da\u00f1os en los documentos electr\u00f3nicos, datos o sistemas f\u00edsicos y l\u00f3gicos de\u00a0CASA ALCALA o de terceras personas; as\u00ed como obstaculizar el acceso de otros Usuarios al sitio Web y a sus servicios.<\/li>\n<li>Intentar acceder a \u00e1reas restringidas de los sistemas inform\u00e1ticos de\u00a0CASA ALCALA o de terceros y, en su caso, extraer informaci\u00f3n.<\/li>\n<li>Vulnerar los derechos de propiedad intelectual o industrial, as\u00ed como violar la confidencialidad de la informaci\u00f3n de\u00a0CASA ALCALA o de terceros.<\/li>\n<li>Suplantar la identidad de otro Usuario, de las administraciones p\u00fablicas o de un tercero.<\/li>\n<li>Reproducir, copiar, distribuir, poner a disposici\u00f3n o de cualquier otra forma comunicar p\u00fablicamente, transformar o modificar los Contenidos, a menos que se cuente con la autorizaci\u00f3n del titular de los correspondientes derechos o ello resulte legalmente permitido<\/li>\n<li>Recabar datos con finalidad publicitaria y de remitir publicidad de cualquier clase y comunicaciones con fines de venta u otras de naturaleza comercial sin que medie su previa solicitud o consentimiento.<\/li>\n<\/ul>\n<p><strong>3.2. Procedimiento en caso de realizaci\u00f3n de actividades de car\u00e1cter il\u00edcito<\/strong><\/p>\n<p>En el caso de que cualquier usuario o un tercero considere que existen hechos o circunstancias que revelen el car\u00e1cter il\u00edcito de la utilizaci\u00f3n de cualquier contenido y\/o de la realizaci\u00f3n de cualquier actividad en las p\u00e1ginas Web incluidas o accesibles a trav\u00e9s del sitio Web, deber\u00e1 enviar una notificaci\u00f3n a\u00a0CASA ALCALA identific\u00e1ndose debidamente, especificando las supuestas infracciones y declarando expresamente y bajo su responsabilidad que la informaci\u00f3n proporcionada en la notificaci\u00f3n es exacta.<\/p>\n<ol>\n<li><strong>Pol\u00edtica de privacidad<\/strong><\/li>\n<\/ol>\n<p>El usuario puede consultar c\u00f3mo CASA ALCALA utiliza sus datos y las medidas de seguridad implantadas en el siguiente enlace:\u00a0\u00abpol\u00edtica de privacidad\u00bb<\/p>\n<ol>\n<li><strong>Pol\u00edtica de cookies<\/strong><\/li>\n<\/ol>\n<p>CASA ALCALAinstala cookies en el ordenador del usuario. Para conocer m\u00e1s las cookies de nuestro sitio web acuda al siguiente enlace:\u00a0\u00abpol\u00edtica de cookies\u00bb<\/p>\n<ol>\n<li><strong>Notificaciones<\/strong><\/li>\n<\/ol>\n<p>Todas las notificaciones y comunicaciones entre los usuarios y\u00a0CASA ALCALA se considerar\u00e1n eficaces, a todos los efectos, cuando se realicen a trav\u00e9s de correo postal o correo electr\u00f3nico o comunicaci\u00f3n telef\u00f3nica. Los usuarios deber\u00e1n dirigirse a\u00a0CASA ALCALA mediante:<\/p>\n<ul>\n<li>Env\u00edo por correo postal a la siguiente direcci\u00f3n:\u00a0CASA ALCALA\u2013 Alcal\u00e1 &#8211; Tenerife<\/li>\n<li>Env\u00edo por correo electr\u00f3nico a la siguiente direcci\u00f3n: info@casalacala-holidays.com<\/li>\n<\/ul>\n<ol>\n<li><strong>Propiedad Industrial y propiedad intelectual<\/strong><\/li>\n<\/ol>\n<p>Todos los contenidos del sitio Web, como textos, fotograf\u00edas, gr\u00e1ficos, im\u00e1genes, iconos, tecnolog\u00eda, software, as\u00ed como su dise\u00f1o gr\u00e1fico y c\u00f3digos fuente, constituyen una obra cuya propiedad pertenece a\u00a0CASA ALCALA, sin que puedan entenderse cedidos al Usuario ninguno de los derechos de explotaci\u00f3n sobre los mismos m\u00e1s all\u00e1 de lo estrictamente necesario para el correcto uso de la Web.<\/p>\n<p>En definitiva, los usuarios que accedan a este sitio Web pueden visualizar los contenidos y efectuar, en su caso, copias privadas autorizadas siempre que los elementos reproducidos no sean cedidos posteriormente a terceros, ni se instalen a servidores conectados a redes, ni sean objeto de ning\u00fan tipo de explotaci\u00f3n y \u00fanica y exclusivamente mientras se encuentre en vigor el servicio.<\/p>\n<p>Asimismo, todas las marcas, nombres comerciales o signos distintivos de cualquier clase que aparecen en el sitio Web son propiedad de\u00a0CASA ALCALA, sin que pueda entenderse que el uso o acceso al mismo atribuya al Usuario derecho alguno sobre los mismos.<\/p>\n<p>Quedan prohibidas la distribuci\u00f3n, modificaci\u00f3n, cesi\u00f3n o comunicaci\u00f3n p\u00fablica de los contenidos y cualquier otro acto que no haya sido expresamente autorizado por\u00a0CASA ALCALA En caso de incumplimiento\u00a0CASA ALCALA proceder\u00e1 a adoptar las medidas legales oportunas.<\/p>\n<ol>\n<li><strong>Exenci\u00f3n de responsabilidad y modificaci\u00f3n del presente aviso legal<\/strong><\/li>\n<\/ol>\n<p>La informaci\u00f3n que se difunde en esta web se hace \u00fanica y exclusivamente a t\u00edtulo informativo, reserv\u00e1ndose\u00a0CASA ALCALA el derecho de eliminar o suspender su difusi\u00f3n, total o parcialmente, y a modificar la estructura y contenido de este sitio Web sin aviso previo, pudiendo incluso limitar o no permitir el acceso a dicha informaci\u00f3n.\u00a0CASA ALCALA intenta\u00a0 mantener la calidad y actualizaci\u00f3n de esta informaci\u00f3n y evitar y minimizar posibles errores pero\u00a0CASA ALCALA no responder\u00e1 de los da\u00f1os o perjuicios causados por decisiones tomadas en base a la informaci\u00f3n difundida; ni de inexactitudes, omisiones o errores contenidos en el mismo, ni de los problemas que se originen por el uso de este sitio Web u otro de conexi\u00f3n externa; ni de los da\u00f1os y\/o perjuicios en el software o hardware del usuario que se deriven del acceso a este sitio Web.<\/p>\n<p>Los Usuarios aceptan expresamente que\u00a0CASA ALCALA no ser\u00e1 responsable del acceso no autorizado o alteraci\u00f3n de sus transmisiones o datos, de cualquier material o datos enviados o recibidos o no enviados o recibidos, ni de ninguna transacci\u00f3n realizada a trav\u00e9s de su web.<\/p>\n<p>CASA ALCALA se reserva el derecho a modificar el presente aviso legal unilateralmente y sin preaviso\u00a0 en los t\u00e9rminos y condiciones que estime conveniente con la \u00fanica obligaci\u00f3n de informar al usuario de las modificaciones efectuadas a trav\u00e9s de\u00a0<a href=\"http:\/\/www.cristymartinasesoria.com\/\">http:\/\/www.casalcala-holidays.com\/<\/a><\/p>\n<ol>\n<li><strong>Nulidad parcial<\/strong><\/li>\n<\/ol>\n<p>Si alguna de las presentes cl\u00e1usulas fuese declarada nula y sin efecto por resoluci\u00f3n firme dictada por autoridad competente, los restantes t\u00e9rminos y condiciones permanecer\u00e1n en vigor, sin que queden afectados por dicha declaraci\u00f3n de nulidad.<\/p>\n<ol>\n<li><strong>Ley aplicable y tribunales competentes<\/strong><\/li>\n<\/ol>\n<p>El presente sitio web queda sometido a lo establecido por la legislaci\u00f3n espa\u00f1ola y normativa europea que resulte de aplicaci\u00f3n<\/p>\n<p>Cualquier controversia que surja o guarde relaci\u00f3n con el uso de la p\u00e1gina web o con dichos productos ser\u00e1 sometida a la\u00a0jurisdicci\u00f3n no exclusiva\u00a0de los juzgados y tribunales espa\u00f1oles de la provincia de S\/C de Tenerife.<\/p>\n<p>Si se trata de un consumidor final nada en la presente cl\u00e1usula afectar\u00e1 a los derechos que como tal le reconoce la legislaci\u00f3n vigente, pudiendo elegir presentar una reclamaci\u00f3n para hacer valer sus derechos en relaci\u00f3n con las presentes Condiciones ante el Juez o Tribunales que correspondan a su domicilio.<\/p>\n<p><strong>Versi\u00f3n: 2.0<\/strong><\/p>\n<p><strong>Fecha: 01\/10\/24<\/strong><\/p>\n<p>\u00a0<\/p>\t\t\t\t\t\t\t\t<\/div>\n\t\t\t\t<\/div>\n\t\t\t\t\t<\/div>\n\t\t\t\t<\/div>\n\t\t\t\t<\/div>","protected":false},"excerpt":{"rendered":"<p>Objeto y aceptaci\u00f3n El presente aviso legal regula el uso del sitio Web: http:\/\/www.casalcala-holidays.com\/ El sitio web http:\/\/www.casalcala-holidays.com\/ presta servicios [&hellip;]<\/p>","protected":false},"author":1,"featured_media":0,"parent":0,"menu_order":0,"comment_status":"closed","ping_status":"closed","template":"","meta":{"_uag_custom_page_level_css":"","site-sidebar-layout":"default","site-content-layout":"","ast-site-content-layout":"default","site-content-style":"default","site-sidebar-style":"default","ast-global-header-display":"","ast-banner-title-visibility":"","ast-main-header-display":"","ast-hfb-above-header-display":"","ast-hfb-below-header-display":"","ast-hfb-mobile-header-display":"","site-post-title":"","ast-breadcrumbs-content":"","ast-featured-img":"","footer-sml-layout":"","theme-transparent-header-meta":"","adv-header-id-meta":"","stick-header-meta":"","header-above-stick-meta":"","header-main-stick-meta":"","header-below-stick-meta":"","astra-migrate-meta-layouts":"default","ast-page-background-enabled":"default","ast-page-background-meta":{"desktop":{"background-color":"var(--ast-global-color-4)","background-image":"","background-repeat":"repeat","background-position":"center center","background-size":"auto","background-attachment":"scroll","background-type":"","background-media":"","overlay-type":"","overlay-color":"","overlay-opacity":"","overlay-gradient":""},"tablet":{"background-color":"","background-image":"","background-repeat":"repeat","background-position":"center center","background-size":"auto","background-attachment":"scroll","background-type":"","background-media":"","overlay-type":"","overlay-color":"","overlay-opacity":"","overlay-gradient":""},"mobile":{"background-color":"","background-image":"","background-repeat":"repeat","background-position":"center center","background-size":"auto","background-attachment":"scroll","background-type":"","background-media":"","overlay-type":"","overlay-color":"","overlay-opacity":"","overlay-gradient":""}},"ast-content-background-meta":{"desktop":{"background-color":"var(--ast-global-color-5)","background-image":"","background-repeat":"repeat","background-position":"center center","background-size":"auto","background-attachment":"scroll","background-type":"","background-media":"","overlay-type":"","overlay-color":"","overlay-opacity":"","overlay-gradient":""},"tablet":{"background-color":"var(--ast-global-color-5)","background-image":"","background-repeat":"repeat","background-position":"center center","background-size":"auto","background-attachment":"scroll","background-type":"","background-media":"","overlay-type":"","overlay-color":"","overlay-opacity":"","overlay-gradient":""},"mobile":{"background-color":"var(--ast-global-color-5)","background-image":"","background-repeat":"repeat","background-position":"center center","background-size":"auto","background-attachment":"scroll","background-type":"","background-media":"","overlay-type":"","overlay-color":"","overlay-opacity":"","overlay-gradient":""}},"footnotes":""},"class_list":["post-618","page","type-page","status-publish","hentry"],"yoast_head":"<!-- This site is optimized with the Yoast SEO plugin v26.5 - https:\/\/yoast.com\/wordpress\/plugins\/seo\/ -->\n<title>Aviso Legal - CASA ALCALA<\/title>\n<meta name=\"robots\" content=\"index, follow, max-snippet:-1, max-image-preview:large, max-video-preview:-1\" \/>\n<link rel=\"canonical\" href=\"http:\/\/www.casalcala-holidays.com\/es\/aviso_legal\/\" \/>\n<meta property=\"og:locale\" content=\"es_ES\" \/>\n<meta property=\"og:type\" content=\"article\" \/>\n<meta property=\"og:title\" content=\"Aviso Legal - CASA ALCALA\" \/>\n<meta property=\"og:description\" content=\"Objeto y aceptaci\u00f3n El presente aviso legal regula el uso del sitio Web: http:\/\/www.casalcala-holidays.com\/ El sitio web http:\/\/www.casalcala-holidays.com\/ presta servicios [&hellip;]\" \/>\n<meta property=\"og:url\" content=\"http:\/\/www.casalcala-holidays.com\/es\/aviso_legal\/\" \/>\n<meta property=\"og:site_name\" content=\"CASA ALCALA\" \/>\n<meta property=\"article:modified_time\" content=\"2024-10-08T18:29:48+00:00\" \/>\n<meta name=\"twitter:card\" content=\"summary_large_image\" \/>\n<meta name=\"twitter:label1\" content=\"Tiempo de lectura\" \/>\n\t<meta name=\"twitter:data1\" content=\"8 minutos\" \/>\n<script type=\"application\/ld+json\" class=\"yoast-schema-graph\">{\"@context\":\"https:\/\/schema.org\",\"@graph\":[{\"@type\":\"WebPage\",\"@id\":\"http:\/\/www.casalcala-holidays.com\/es\/aviso_legal\/\",\"url\":\"http:\/\/www.casalcala-holidays.com\/es\/aviso_legal\/\",\"name\":\"Aviso Legal - CASA ALCALA\",\"isPartOf\":{\"@id\":\"http:\/\/www.casalcala-holidays.com\/#website\"},\"datePublished\":\"2024-10-08T18:13:05+00:00\",\"dateModified\":\"2024-10-08T18:29:48+00:00\",\"breadcrumb\":{\"@id\":\"http:\/\/www.casalcala-holidays.com\/es\/aviso_legal\/#breadcrumb\"},\"inLanguage\":\"es\",\"potentialAction\":[{\"@type\":\"ReadAction\",\"target\":[\"http:\/\/www.casalcala-holidays.com\/es\/aviso_legal\/\"]}]},{\"@type\":\"BreadcrumbList\",\"@id\":\"http:\/\/www.casalcala-holidays.com\/es\/aviso_legal\/#breadcrumb\",\"itemListElement\":[{\"@type\":\"ListItem\",\"position\":1,\"name\":\"Home\",\"item\":\"http:\/\/www.casalcala-holidays.com\/\"},{\"@type\":\"ListItem\",\"position\":2,\"name\":\"Aviso Legal\"}]},{\"@type\":\"WebSite\",\"@id\":\"http:\/\/www.casalcala-holidays.com\/#website\",\"url\":\"http:\/\/www.casalcala-holidays.com\/\",\"name\":\"CASA ALCALA\",\"description\":\"\",\"potentialAction\":[{\"@type\":\"SearchAction\",\"target\":{\"@type\":\"EntryPoint\",\"urlTemplate\":\"http:\/\/www.casalcala-holidays.com\/?s={search_term_string}\"},\"query-input\":{\"@type\":\"PropertyValueSpecification\",\"valueRequired\":true,\"valueName\":\"search_term_string\"}}],\"inLanguage\":\"es\"}]}<\/script>\n<!-- \/ Yoast SEO plugin. -->","yoast_head_json":{"title":"Aviso Legal - CASA ALCALA","robots":{"index":"index","follow":"follow","max-snippet":"max-snippet:-1","max-image-preview":"max-image-preview:large","max-video-preview":"max-video-preview:-1"},"canonical":"http:\/\/www.casalcala-holidays.com\/es\/aviso_legal\/","og_locale":"es_ES","og_type":"article","og_title":"Aviso Legal - CASA ALCALA","og_description":"Objeto y aceptaci\u00f3n El presente aviso legal regula el uso del sitio Web: http:\/\/www.casalcala-holidays.com\/ El sitio web http:\/\/www.casalcala-holidays.com\/ presta servicios [&hellip;]","og_url":"http:\/\/www.casalcala-holidays.com\/es\/aviso_legal\/","og_site_name":"CASA ALCALA","article_modified_time":"2024-10-08T18:29:48+00:00","twitter_card":"summary_large_image","twitter_misc":{"Tiempo de lectura":"8 minutos"},"schema":{"@context":"https:\/\/schema.org","@graph":[{"@type":"WebPage","@id":"http:\/\/www.casalcala-holidays.com\/es\/aviso_legal\/","url":"http:\/\/www.casalcala-holidays.com\/es\/aviso_legal\/","name":"Aviso Legal - CASA ALCALA","isPartOf":{"@id":"http:\/\/www.casalcala-holidays.com\/#website"},"datePublished":"2024-10-08T18:13:05+00:00","dateModified":"2024-10-08T18:29:48+00:00","breadcrumb":{"@id":"http:\/\/www.casalcala-holidays.com\/es\/aviso_legal\/#breadcrumb"},"inLanguage":"es","potentialAction":[{"@type":"ReadAction","target":["http:\/\/www.casalcala-holidays.com\/es\/aviso_legal\/"]}]},{"@type":"BreadcrumbList","@id":"http:\/\/www.casalcala-holidays.com\/es\/aviso_legal\/#breadcrumb","itemListElement":[{"@type":"ListItem","position":1,"name":"Home","item":"http:\/\/www.casalcala-holidays.com\/"},{"@type":"ListItem","position":2,"name":"Aviso Legal"}]},{"@type":"WebSite","@id":"http:\/\/www.casalcala-holidays.com\/#website","url":"http:\/\/www.casalcala-holidays.com\/","name":"CASA ALCALA","description":"","potentialAction":[{"@type":"SearchAction","target":{"@type":"EntryPoint","urlTemplate":"http:\/\/www.casalcala-holidays.com\/?s={search_term_string}"},"query-input":{"@type":"PropertyValueSpecification","valueRequired":true,"valueName":"search_term_string"}}],"inLanguage":"es"}]}},"uagb_featured_image_src":{"full":false,"thumbnail":false,"medium":false,"medium_large":false,"large":false,"1536x1536":false,"2048x2048":false,"trp-custom-language-flag":false},"uagb_author_info":{"display_name":"JESUS","author_link":"http:\/\/www.casalcala-holidays.com\/es\/author\/jesus\/"},"uagb_comment_info":0,"uagb_excerpt":"Objeto y aceptaci\u00f3n El presente aviso legal regula el uso del sitio Web: http:\/\/www.casalcala-holidays.com\/ El sitio web http:\/\/www.casalcala-holidays.com\/ presta servicios [&hellip;]","_links":{"self":[{"href":"http:\/\/www.casalcala-holidays.com\/es\/wp-json\/wp\/v2\/pages\/618","targetHints":{"allow":["GET"]}}],"collection":[{"href":"http:\/\/www.casalcala-holidays.com\/es\/wp-json\/wp\/v2\/pages"}],"about":[{"href":"http:\/\/www.casalcala-holidays.com\/es\/wp-json\/wp\/v2\/types\/page"}],"author":[{"embeddable":true,"href":"http:\/\/www.casalcala-holidays.com\/es\/wp-json\/wp\/v2\/users\/1"}],"replies":[{"embeddable":true,"href":"http:\/\/www.casalcala-holidays.com\/es\/wp-json\/wp\/v2\/comments?post=618"}],"version-history":[{"count":7,"href":"http:\/\/www.casalcala-holidays.com\/es\/wp-json\/wp\/v2\/pages\/618\/revisions"}],"predecessor-version":[{"id":630,"href":"http:\/\/www.casalcala-holidays.com\/es\/wp-json\/wp\/v2\/pages\/618\/revisions\/630"}],"wp:attachment":[{"href":"http:\/\/www.casalcala-holidays.com\/es\/wp-json\/wp\/v2\/media?parent=618"}],"curies":[{"name":"wp","href":"https:\/\/api.w.org\/{rel}","templated":true}]}}